{"id":481,"date":"2023-08-03T09:16:46","date_gmt":"2023-08-03T09:16:46","guid":{"rendered":"https:\/\/solmania.cat\/?page_id=481"},"modified":"2023-08-03T09:19:45","modified_gmt":"2023-08-03T09:19:45","slug":"mapa-web","status":"publish","type":"page","link":"https:\/\/solmania.cat\/ca\/mapa-web\/","title":{"rendered":"Mapa web"},"content":{"rendered":"<p>[et_pb_section fb_built=&#8221;1&#8243; fullwidth=&#8221;on&#8221; _builder_version=&#8221;4.20.0&#8243; _module_preset=&#8221;default&#8221; min_height=&#8221;40%&#8221; global_colors_info=&#8221;{}&#8221; theme_builder_area=&#8221;post_content&#8221;][et_pb_fullwidth_header title=&#8221;Mapa web&#8221; text_orientation=&#8221;center&#8221; _builder_version=&#8221;4.21.2&#8243; _module_preset=&#8221;default&#8221; title_font_size=&#8221;3em&#8221; background_color=&#8221;#FFFFFF&#8221; background_image=&#8221;https:\/\/solmania.cat\/wp-content\/uploads\/2022\/08\/fondo_solmania-3.jpg&#8221; background_position=&#8221;center_left&#8221; min_height=&#8221;500px&#8221; min_height_tablet=&#8221;500px&#8221; min_height_phone=&#8221;500px&#8221; min_height_last_edited=&#8221;on|phone&#8221; height=&#8221;500px&#8221; height_tablet=&#8221;500px&#8221; height_phone=&#8221;500px&#8221; height_last_edited=&#8221;on|phone&#8221; max_height=&#8221;500px&#8221; max_height_tablet=&#8221;500px&#8221; max_height_phone=&#8221;500px&#8221; max_height_last_edited=&#8221;on|phone&#8221; custom_margin=&#8221;0px||||false|false&#8221; custom_padding=&#8221;216px||||false|false&#8221; custom_padding_tablet=&#8221;160px||||false|false&#8221; custom_padding_phone=&#8221;146px||||false|false&#8221; custom_padding_last_edited=&#8221;on|desktop&#8221; title_font_size_tablet=&#8221;4em&#8221; title_font_size_phone=&#8221;2.6em&#8221; title_font_size_last_edited=&#8221;on|phone&#8221; custom_css_title=&#8221;display: inline-block!important;||background: rgba(21,20,20,0.80);||padding: 0.1em 0.2em;||border-radius: 8px;&#8221; global_colors_info=&#8221;{}&#8221; theme_builder_area=&#8221;post_content&#8221;][\/et_pb_fullwidth_header][\/et_pb_section][et_pb_section fb_built=&#8221;1&#8243; _builder_version=&#8221;4.19.5&#8243; _module_preset=&#8221;default&#8221; custom_padding=&#8221;||24px|||&#8221; global_colors_info=&#8221;{}&#8221; theme_builder_area=&#8221;post_content&#8221;][et_pb_row _builder_version=&#8221;4.19.5&#8243; _module_preset=&#8221;default&#8221; global_colors_info=&#8221;{}&#8221; theme_builder_area=&#8221;post_content&#8221;][et_pb_column type=&#8221;4_4&#8243; _builder_version=&#8221;4.19.5&#8243; _module_preset=&#8221;default&#8221; global_colors_info=&#8221;{}&#8221; theme_builder_area=&#8221;post_content&#8221;][et_pb_text _builder_version=&#8221;4.21.2&#8243; _module_preset=&#8221;default&#8221; text_font_size=&#8221;1.2em&#8221; text_line_height=&#8221;1.8em&#8221; link_font=&#8221;|700|||on||||&#8221; link_text_color=&#8221;#670202&#8243; header_font_size=&#8221;2.4em&#8221; header_2_font_size=&#8221;1.8em&#8221; hover_enabled=&#8221;0&#8243; global_colors_info=&#8221;{}&#8221; theme_builder_area=&#8221;post_content&#8221; sticky_enabled=&#8221;0&#8243;]<\/p>\n<div class=\"wsp-container\"><h2 class=\"wsp-pages-title\">P\u00e0gines<\/h2>\n<ul class=\"wsp-pages-list\">\n<li class=\"page_item page-item-471\"><a href=\"https:\/\/solmania.cat\/ca\/accesibilidad\/\">Accessibilitat<\/a><\/li>\n<li class=\"page_item page-item-253\"><a href=\"https:\/\/solmania.cat\/ca\/\">Al mal temps, bona cara<\/a><\/li>\n<li class=\"page_item page-item-267\"><a href=\"https:\/\/solmania.cat\/ca\/aviso-legal\/\">Avis Legal<\/a><\/li>\n<li class=\"page_item page-item-257\"><a href=\"https:\/\/solmania.cat\/ca\/els-nostres-centres-de-bronzejat\/\">Els Nostres Centres<\/a><\/li>\n<li class=\"page_item page-item-481\"><a href=\"https:\/\/solmania.cat\/ca\/mapa-web\/\">Mapa web<\/a><\/li>\n<li class=\"page_item page-item-337\"><a href=\"https:\/\/solmania.cat\/ca\/politica-de-cookies-ue\/\">Pol\u00edtica de cookies (UE)<\/a><\/li>\n<li class=\"page_item page-item-271\"><a href=\"https:\/\/solmania.cat\/ca\/politica-de-privacidad\/\">Pol\u00edtica de privacitat<\/a><\/li>\n<li class=\"page_item page-item-262\"><a href=\"https:\/\/solmania.cat\/ca\/tecnologia-de-bronzejat\/\">Tecnologia<\/a><\/li>\n<\/ul>\n<\/div>\n<p>[\/et_pb_text][\/et_pb_column][\/et_pb_row][\/et_pb_section][et_pb_section fb_built=&#8221;1&#8243; _builder_version=&#8221;4.21.2&#8243; _module_preset=&#8221;default&#8221; custom_padding=&#8221;9px||12px|||&#8221; saved_tabs=&#8221;all&#8221; global_colors_info=&#8221;{}&#8221; theme_builder_area=&#8221;post_content&#8221;][et_pb_row _builder_version=&#8221;4.21.2&#8243; _module_preset=&#8221;default&#8221; global_colors_info=&#8221;{}&#8221; theme_builder_area=&#8221;post_content&#8221;][et_pb_column type=&#8221;4_4&#8243; _builder_version=&#8221;4.21.2&#8243; _module_preset=&#8221;default&#8221; global_colors_info=&#8221;{}&#8221; theme_builder_area=&#8221;post_content&#8221;][et_pb_text _builder_version=&#8221;4.21.2&#8243; _module_preset=&#8221;default&#8221; global_colors_info=&#8221;{}&#8221; theme_builder_area=&#8221;post_content&#8221;]<\/p>\n<section class=\"av_textblock_section av-lksixyaj-592acf55c3b64bc12a13036d16c58a6e\" itemscope=\"itemscope\" itemtype=\"https:\/\/schema.org\/CreativeWork\">\n<div class=\"avia_textblock\" itemprop=\"text\">\n<h3 style=\"text-align: center;\"><strong>Financiado por la Uni\u00f3n Europea \u2013 NextGenerationEU<\/strong><\/h3>\n<\/div>\n<\/section>\n<div class=\"flex_column av-5kec-22a7d1c2d39bf91c4830ce17ce198419 av_one_half  avia-builder-el-20  el_after_av_textblock  el_before_av_one_half  first flex_column_div column-top-margin\">\n<div class=\"avia-image-container av-l6oqyc9k-943ad4664d5589ea4b2dd61c9b65d55e av-styling- avia-align-center  avia-builder-el-21  avia-builder-el-no-sibling \" itemprop=\"image\" itemscope=\"itemscope\" itemtype=\"https:\/\/schema.org\/ImageObject\">\n<div class=\"avia-image-container-inner\"><\/div>\n<\/div>\n<\/div>\n<p>[\/et_pb_text][\/et_pb_column][\/et_pb_row][et_pb_row column_structure=&#8221;1_2,1_2&#8243; _builder_version=&#8221;4.21.2&#8243; _module_preset=&#8221;default&#8221; global_colors_info=&#8221;{}&#8221; theme_builder_area=&#8221;post_content&#8221;][et_pb_column type=&#8221;1_2&#8243; _builder_version=&#8221;4.21.2&#8243; _module_preset=&#8221;default&#8221; global_colors_info=&#8221;{}&#8221; theme_builder_area=&#8221;post_content&#8221;][et_pb_image src=&#8221;https:\/\/solmania.cat\/wp-content\/uploads\/2022\/08\/financiado-ue.jpg&#8221; alt=&#8221;Logotipo de la Uni\u00f3n Europea&#8221; title_text=&#8221;Financiado por la UE&#8221; align=&#8221;center&#8221; _builder_version=&#8221;4.21.2&#8243; _module_preset=&#8221;default&#8221; global_colors_info=&#8221;{}&#8221; theme_builder_area=&#8221;post_content&#8221;][\/et_pb_image][\/et_pb_column][et_pb_column type=&#8221;1_2&#8243; _builder_version=&#8221;4.21.2&#8243; _module_preset=&#8221;default&#8221; global_colors_info=&#8221;{}&#8221; theme_builder_area=&#8221;post_content&#8221;][et_pb_image src=&#8221;https:\/\/solmania.cat\/wp-content\/uploads\/2022\/08\/planrecuperacion.jpg&#8221; alt=&#8221;Logotipo del Plan de Recuperaci\u00f3n, Transformaci\u00f3n y Resiliencia&#8221; title_text=&#8221;Plan de recuperaci\u00f3n&#8221; _builder_version=&#8221;4.21.2&#8243; _module_preset=&#8221;default&#8221; global_colors_info=&#8221;{}&#8221; theme_builder_area=&#8221;post_content&#8221;][\/et_pb_image][\/et_pb_column][\/et_pb_row][\/et_pb_section]<\/p>\n","protected":false},"excerpt":{"rendered":"<p><div class=\"wsp-container\"><h2 class=\"wsp-pages-title\">P\u00e0gines<\/h2>\n<ul class=\"wsp-pages-list\">\n<li class=\"page_item page-item-471\"><a href=\"https:\/\/solmania.cat\/ca\/accesibilidad\/\">Accessibilitat<\/a><\/li>\n<li class=\"page_item page-item-253\"><a href=\"https:\/\/solmania.cat\/ca\/\">Al mal temps, bona cara<\/a><\/li>\n<li class=\"page_item page-item-267\"><a href=\"https:\/\/solmania.cat\/ca\/aviso-legal\/\">Avis Legal<\/a><\/li>\n<li class=\"page_item page-item-257\"><a href=\"https:\/\/solmania.cat\/ca\/els-nostres-centres-de-bronzejat\/\">Els Nostres Centres<\/a><\/li>\n<li class=\"page_item page-item-481\"><a href=\"https:\/\/solmania.cat\/ca\/mapa-web\/\">Mapa web<\/a><\/li>\n<li class=\"page_item page-item-337\"><a href=\"https:\/\/solmania.cat\/ca\/politica-de-cookies-ue\/\">Pol\u00edtica de cookies (UE)<\/a><\/li>\n<li class=\"page_item page-item-271\"><a href=\"https:\/\/solmania.cat\/ca\/politica-de-privacidad\/\">Pol\u00edtica de privacitat<\/a><\/li>\n<li class=\"page_item page-item-262\"><a href=\"https:\/\/solmania.cat\/ca\/tecnologia-de-bronzejat\/\">Tecnologia<\/a><\/li>\n<\/ul>\n<\/div> Financiado por la Uni\u00f3n Europea \u2013 NextGenerationEU<\/p>\n","protected":false},"author":1,"featured_media":0,"parent":0,"menu_order":0,"comment_status":"closed","ping_status":"closed","template":"","meta":{"_et_pb_use_builder":"on","_et_pb_old_content":"","_et_gb_content_width":""},"yoast_head":"<!-- This site is optimized with the Yoast SEO plugin v20.1 - https:\/\/yoast.com\/wordpress\/plugins\/seo\/ -->\n<title>Mapa web - Solmania<\/title>\n<meta name=\"robots\" content=\"index, follow, max-snippet:-1, max-image-preview:large, max-video-preview:-1\" \/>\n<link rel=\"canonical\" href=\"https:\/\/solmania.cat\/ca\/mapa-web\/\" \/>\n<meta property=\"og:locale\" content=\"ca_ES\" \/>\n<meta property=\"og:type\" content=\"article\" \/>\n<meta property=\"og:title\" content=\"Mapa web - Solmania\" \/>\n<meta property=\"og:description\" content=\"Financiado por la Uni\u00f3n Europea \u2013 NextGenerationEU\" \/>\n<meta property=\"og:url\" content=\"https:\/\/solmania.cat\/ca\/mapa-web\/\" \/>\n<meta property=\"og:site_name\" content=\"Solmania\" \/>\n<meta property=\"article:modified_time\" content=\"2023-08-03T09:19:45+00:00\" \/>\n<meta name=\"twitter:card\" content=\"summary_large_image\" \/>\n<script type=\"application\/ld+json\" class=\"yoast-schema-graph\">{\"@context\":\"https:\/\/schema.org\",\"@graph\":[{\"@type\":\"WebPage\",\"@id\":\"https:\/\/solmania.cat\/ca\/mapa-web\/\",\"url\":\"https:\/\/solmania.cat\/ca\/mapa-web\/\",\"name\":\"Mapa web - Solmania\",\"isPartOf\":{\"@id\":\"https:\/\/solmania.cat\/ca\/#website\"},\"datePublished\":\"2023-08-03T09:16:46+00:00\",\"dateModified\":\"2023-08-03T09:19:45+00:00\",\"breadcrumb\":{\"@id\":\"https:\/\/solmania.cat\/ca\/mapa-web\/#breadcrumb\"},\"inLanguage\":\"ca\",\"potentialAction\":[{\"@type\":\"ReadAction\",\"target\":[\"https:\/\/solmania.cat\/ca\/mapa-web\/\"]}]},{\"@type\":\"BreadcrumbList\",\"@id\":\"https:\/\/solmania.cat\/ca\/mapa-web\/#breadcrumb\",\"itemListElement\":[{\"@type\":\"ListItem\",\"position\":1,\"name\":\"Portada\",\"item\":\"https:\/\/solmania.cat\/ca\/\"},{\"@type\":\"ListItem\",\"position\":2,\"name\":\"Mapa web\"}]},{\"@type\":\"WebSite\",\"@id\":\"https:\/\/solmania.cat\/ca\/#website\",\"url\":\"https:\/\/solmania.cat\/ca\/\",\"name\":\"Solmania\",\"description\":\"Centros de bronceado en el Vall\u00e9s\",\"publisher\":{\"@id\":\"https:\/\/solmania.cat\/ca\/#organization\"},\"potentialAction\":[{\"@type\":\"SearchAction\",\"target\":{\"@type\":\"EntryPoint\",\"urlTemplate\":\"https:\/\/solmania.cat\/ca\/?s={search_term_string}\"},\"query-input\":\"required name=search_term_string\"}],\"inLanguage\":\"ca\"},{\"@type\":\"Organization\",\"@id\":\"https:\/\/solmania.cat\/ca\/#organization\",\"name\":\"Solmania\",\"url\":\"https:\/\/solmania.cat\/ca\/\",\"logo\":{\"@type\":\"ImageObject\",\"inLanguage\":\"ca\",\"@id\":\"https:\/\/solmania.cat\/ca\/#\/schema\/logo\/image\/\",\"url\":\"https:\/\/solmania.cat\/wp-content\/uploads\/2022\/08\/logo_solmania_tr-1.png\",\"contentUrl\":\"https:\/\/solmania.cat\/wp-content\/uploads\/2022\/08\/logo_solmania_tr-1.png\",\"width\":266,\"height\":27,\"caption\":\"Solmania\"},\"image\":{\"@id\":\"https:\/\/solmania.cat\/ca\/#\/schema\/logo\/image\/\"}}]}<\/script>\n<!-- \/ Yoast SEO plugin. -->","yoast_head_json":{"title":"Mapa web - Solmania","robots":{"index":"index","follow":"follow","max-snippet":"max-snippet:-1","max-image-preview":"max-image-preview:large","max-video-preview":"max-video-preview:-1"},"canonical":"https:\/\/solmania.cat\/ca\/mapa-web\/","og_locale":"ca_ES","og_type":"article","og_title":"Mapa web - Solmania","og_description":"Financiado por la Uni\u00f3n Europea \u2013 NextGenerationEU","og_url":"https:\/\/solmania.cat\/ca\/mapa-web\/","og_site_name":"Solmania","article_modified_time":"2023-08-03T09:19:45+00:00","twitter_card":"summary_large_image","schema":{"@context":"https:\/\/schema.org","@graph":[{"@type":"WebPage","@id":"https:\/\/solmania.cat\/ca\/mapa-web\/","url":"https:\/\/solmania.cat\/ca\/mapa-web\/","name":"Mapa web - Solmania","isPartOf":{"@id":"https:\/\/solmania.cat\/ca\/#website"},"datePublished":"2023-08-03T09:16:46+00:00","dateModified":"2023-08-03T09:19:45+00:00","breadcrumb":{"@id":"https:\/\/solmania.cat\/ca\/mapa-web\/#breadcrumb"},"inLanguage":"ca","potentialAction":[{"@type":"ReadAction","target":["https:\/\/solmania.cat\/ca\/mapa-web\/"]}]},{"@type":"BreadcrumbList","@id":"https:\/\/solmania.cat\/ca\/mapa-web\/#breadcrumb","itemListElement":[{"@type":"ListItem","position":1,"name":"Portada","item":"https:\/\/solmania.cat\/ca\/"},{"@type":"ListItem","position":2,"name":"Mapa web"}]},{"@type":"WebSite","@id":"https:\/\/solmania.cat\/ca\/#website","url":"https:\/\/solmania.cat\/ca\/","name":"Solmania","description":"Centros de bronceado en el Vall\u00e9s","publisher":{"@id":"https:\/\/solmania.cat\/ca\/#organization"},"potentialAction":[{"@type":"SearchAction","target":{"@type":"EntryPoint","urlTemplate":"https:\/\/solmania.cat\/ca\/?s={search_term_string}"},"query-input":"required name=search_term_string"}],"inLanguage":"ca"},{"@type":"Organization","@id":"https:\/\/solmania.cat\/ca\/#organization","name":"Solmania","url":"https:\/\/solmania.cat\/ca\/","logo":{"@type":"ImageObject","inLanguage":"ca","@id":"https:\/\/solmania.cat\/ca\/#\/schema\/logo\/image\/","url":"https:\/\/solmania.cat\/wp-content\/uploads\/2022\/08\/logo_solmania_tr-1.png","contentUrl":"https:\/\/solmania.cat\/wp-content\/uploads\/2022\/08\/logo_solmania_tr-1.png","width":266,"height":27,"caption":"Solmania"},"image":{"@id":"https:\/\/solmania.cat\/ca\/#\/schema\/logo\/image\/"}}]}},"_links":{"self":[{"href":"https:\/\/solmania.cat\/ca\/wp-json\/wp\/v2\/pages\/481"}],"collection":[{"href":"https:\/\/solmania.cat\/ca\/wp-json\/wp\/v2\/pages"}],"about":[{"href":"https:\/\/solmania.cat\/ca\/wp-json\/wp\/v2\/types\/page"}],"author":[{"embeddable":true,"href":"https:\/\/solmania.cat\/ca\/wp-json\/wp\/v2\/users\/1"}],"replies":[{"embeddable":true,"href":"https:\/\/solmania.cat\/ca\/wp-json\/wp\/v2\/comments?post=481"}],"version-history":[{"count":6,"href":"https:\/\/solmania.cat\/ca\/wp-json\/wp\/v2\/pages\/481\/revisions"}],"predecessor-version":[{"id":487,"href":"https:\/\/solmania.cat\/ca\/wp-json\/wp\/v2\/pages\/481\/revisions\/487"}],"wp:attachment":[{"href":"https:\/\/solmania.cat\/ca\/wp-json\/wp\/v2\/media?parent=481"}],"curies":[{"name":"wp","href":"https:\/\/api.w.org\/{rel}","templated":true}]}}