{"id":271,"date":"2022-08-12T10:41:35","date_gmt":"2022-08-12T10:41:35","guid":{"rendered":"https:\/\/solmania.cat\/politica-de-privacidad\/"},"modified":"2022-08-22T09:23:07","modified_gmt":"2022-08-22T09:23:07","slug":"politica-de-privacidad","status":"publish","type":"page","link":"https:\/\/solmania.cat\/ca\/politica-de-privacidad\/","title":{"rendered":"Pol\u00edtica de privacitat"},"content":{"rendered":"\n<p><strong>1. ESTETIBEL SL.<\/strong>&nbsp;(en adelante, \u201cSOLMANIA.CAT\u201d), informa a los usuarios que respeta la legislaci\u00f3n vigente en materia de protecci\u00f3n de datos personales, la privacidad de los usuarios y el secreto y seguridad de los datos, adoptando para ello las medidas t\u00e9cnicas y organizativas necesarias para evitar la p\u00e9rdida, mal uso, alteraci\u00f3n, acceso no autorizado y robo de los datos personales facilitados, habida cuenta del estado de la tecnolog\u00eda, la naturaleza de los datos y los riesgos a los que est\u00e1n expuestos.<\/p>\n\n\n\n<p><strong>2.<\/strong>&nbsp;Los servicios, acceso a los contenidos y oferta de productos de esta web est\u00e1n exclusivamente dirigidos a mayores de 14 a\u00f1os, por lo que, cualquier persona que entregue sus datos personales, manifiesta tener dicha edad, quedando prohibido el uso de&nbsp;<strong>www.solmania.cat<\/strong>&nbsp;y la entrega de datos personales a personas menores de esta edad.<\/p>\n\n\n\n<p><strong>3.<\/strong>&nbsp;<strong>SOLMANIA.CAT<\/strong>&nbsp;tratar\u00e1 los datos de conformidad con lo establecido en la normativa vigente en Protecci\u00f3n de Datos de Car\u00e1cter Personal, le informamos que sus datos ser\u00e1n incorporados al sistema de tratamiento titularidad de ESTETIBEL SL. con CIF B-60579752 y domicilio social sito en C\/ Vinyals 161 08223 Terrassa (Barcelona), con la finalidad de poder facilitar, agilizar y cumplir con los compromisos establecidos entre ambas partes. En cumplimiento con la normativa vigente,&nbsp;<strong>SOLMANIA.CAT<\/strong>&nbsp;informa que los datos ser\u00e1n conservados durante el plazo estrictamente necesario para cumplir con los preceptos mencionados con anterioridad. Asimismo, le informamos de que trataremos sus datos conforme a la existencia de su consentimiento.<br>Mientras no nos comunique lo contrario, entenderemos que sus datos no han sido modificados, que usted se compromete a notificarnos cualquier variaci\u00f3n y que tenemos su consentimiento para utilizarlos para las finalidades mencionadas.<br><strong>SOLMANIA.CAT&nbsp;<\/strong>informa que proceder\u00e1 a tratar los datos de manera l\u00edcita, leal, transparente, adecuada, pertinente, limitada, exacta y actualizada. Es por ello que&nbsp;<strong>SOLMANIA.CAT<\/strong>&nbsp;se compromete a adoptar todas las medidas razonables para que estos se supriman o rectifiquen sin dilaci\u00f3n cuando sean inexactos. De acuerdo con los derechos que le confiere la normativa vigente en protecci\u00f3n de datos podr\u00e1 ejercer los derechos de acceso, rectificaci\u00f3n, limitaci\u00f3n de tratamiento, supresi\u00f3n, portabilidad y oposici\u00f3n al tratamiento de uss datos de car\u00e1cter personal as\u00ed como del consentimiento prestado para el tratamiento de los mismos, dirigiendo su petici\u00f3n a la direcci\u00f3n postal indicada m\u00e1s arriba o al correo electr\u00f3nico&nbsp;<strong>estetibel@asociadis.cat<\/strong>.<br>Podr\u00e1 dirigirse a la Autoridad de Control competente para presentar la reclamaci\u00f3n que considere oportuna.&nbsp; &nbsp;<\/p>\n\n\n\n<p><strong>4.<\/strong>&nbsp;Los datos de car\u00e1cter personal que se faciliten en la Web, quedar\u00e1n registrados en un fichero titularidad de&nbsp;<strong>SOLMANIA.CAT<\/strong>&nbsp;debidamente declarado e inscrito en el Registro General de Protecci\u00f3n de Datos, con la finalidad de llevar a cabo la prestaci\u00f3n de los servicios ofrecidos, as\u00ed como, para enviar por cualquier medio, incluido el correo electr\u00f3nico, ofertas de productos y servicios de nuestra empresa, mejorar la relaci\u00f3n comercial y gestionar las peticiones realizadas por nuestros clientes.<\/p>\n\n\n\n<p><strong>5.<\/strong>&nbsp;El Usuario garantiza que los datos personales facilitados a&nbsp;<strong>SOLMANIA.CAT<\/strong>&nbsp;son veraces y se hace responsable de comunicar cualquier modificaci\u00f3n de los mismos para que, en todo momento respondan a su situaci\u00f3n actual.<\/p>\n\n\n\n<p><strong>6.<\/strong>&nbsp;Si tiene cualquier duda o comentario sobre la forma en que&nbsp;<strong>SOLMANIA.CAT<\/strong>&nbsp;utiliza los datos de sus usuarios, escr\u00edbenos a <strong>estetibel@asociadis.cat<\/strong><\/p>\n\n\n\n<h2>Pol\u00edtica de Privacidad Redes Sociales<\/h2>\n\n\n\n<p>De conformidad con lo establecido en la normativa vigente en Protecci\u00f3n de Datos de Car\u00e1cter Personal (RGPD), y la Ley 34\/2002, de 11 de julio, de Servicios de la Sociedad de la Informaci\u00f3n y de Comercio Electr\u00f3nico (LSSI-CE),&nbsp;<strong>ESTETIBEL SL.<\/strong>&nbsp;(en adelante \u201cSOLMANIA.CAT\u201d) informa a los usuarios, que ha procedido a crear un perfil en las Redes Sociales Facebook, Twitter e Instagram, con la finalidad principal de publicitar sus productos y servicios.<\/p>\n\n\n\n<p>Datos de&nbsp;<strong>ESTETIBEL SL<\/strong>.:<br>CIF: B-60579752<br>Direcci\u00f3n: C\/ Vinyals 161 08223 Terrassa<br>Correo electr\u00f3nico:&nbsp;<a href=\"mailto:estetibel@asociadis.cat\">estetibel@asociadis.cat<\/a><br>Dominio web:&nbsp;<a href=\"https:\/\/www.solmania.cat\">https:\/\/www.solmania.cat<\/a><\/p>\n\n\n\n<p>El usuario dispone de un perfil en la misma Red Social y ha decidido unirse a la p\u00e1gina creada por&nbsp;<strong>SOLMANIA.CAT<\/strong>, mostrando as\u00ed inter\u00e9s en la informaci\u00f3n que se publicite en la Red. Al unirse a nuestra p\u00e1gina, nos facilita su consentimiento para el tratamiento de aquellos datos personales publicados en su perfil.<\/p>\n\n\n\n<p>El usuario puede acceder en todo momento a las pol\u00edticas de privacidad de la propia Red Social, as\u00ed como configurar su perfil para garantizar su privacidad.<\/p>\n\n\n\n<p><strong>SOLMANIA.CAT&nbsp;<\/strong>tiene acceso y trata aquella informaci\u00f3n p\u00fablica del usuario, en especial, su nombre de contacto. Estos datos, solo son utilizados dentro de la propia Red Social. No son incorporados a ning\u00fan fichero.<\/p>\n\n\n\n<p>De acuerdo con los derechos que le confiere la normativa vigente en protecci\u00f3n de Datos de Car\u00e1cter Personal podr\u00e1 ejercer los derechos de acceso, rectificaci\u00f3n, limitaci\u00f3n de tratamiento, supresi\u00f3n, portabilidad y oposici\u00f3n, dirigiendo su petici\u00f3n a la direcci\u00f3n postal indicada m\u00e1s arriba o bien a trav\u00e9s de correo electr\u00f3nico&nbsp;<a href=\"mailto:estetibel@asociadis.cat\">estetibel@asociadis.cat<\/a>.<\/p>\n\n\n\n<p><strong>SOLMANIA.CAT&nbsp;<\/strong>realizar\u00e1 las siguientes actuaciones:<\/p>\n\n\n\n<p>Acceso a la informaci\u00f3n p\u00fablica del perfil<br>Publicaci\u00f3n en el perfil del usuario de toda aquella informaci\u00f3n ya publicada en la p\u00e1gina de&nbsp;<strong>SOLMANIA.CAT<br><\/strong>Enviar mensajes personales e individuales a trav\u00e9s de los canales de la Red Social.<br>Actualizaciones del estado de la p\u00e1gina que se publicar\u00e1n en el perfil del usuario.<\/p>\n\n\n\n<p>El usuario siempre puede controlar sus conexiones, eliminar los contenidos que dejen de interesarle y restringir con qui\u00e9n comparte sus conexiones, para ello deber\u00e1 acceder a su configuraci\u00f3n de privacidad.<\/p>\n\n\n\n<p>Publicaciones<\/p>\n\n\n\n<p>El usuario una vez unido a la p\u00e1gina de&nbsp;<strong>SOLMANIA.CAT<\/strong>, podr\u00e1 publicar en \u00e9sta \u00faltima comentarios, enlaces, im\u00e1genes o fotograf\u00edas o cualquier otro tipo de contenido multimedia soportado por la Red Social. El usuario, en todos los casos debe ser el titular de los mismos, gozar de los derechos de autor y de propiedad intelectual o contar con el consentimiento de los terceros afectados. Se proh\u00edbe expresamente cualquier publicaci\u00f3n en la p\u00e1gina, ya sean textos, gr\u00e1ficos, fotograf\u00edas, videos, etc. que atenten o sean susceptibles de atentar contra la moral, la \u00e9tica, el buen gusto o el decoro, y\/o que infrinjan, violen o quebranten los derechos de propiedad intelectual o industrial, el derecho a la imagen o la Ley. En estos casos&nbsp;<strong>SOLMANIA.CAT&nbsp;<\/strong>se reserva el derecho a retirar de inmediato, pudiendo solicitar el bloqueo permanente del usuario.<\/p>\n\n\n\n<p><strong>SOLMANIA.CAT&nbsp;<\/strong>no se har\u00e1 responsable de los contenidos que libremente ha publicado un usuario. El usuario debe tener presente que sus publicaciones ser\u00e1n conocidas por los otros usuarios, por lo que \u00e9l mismo es el principal responsable de su privacidad. Las im\u00e1genes que puedan publicarse en la p\u00e1gina no ser\u00e1n almacenadas en ning\u00fan fichero por parte de&nbsp;<strong>SOLMANIA.CAT<\/strong>, pero s\u00ed que permanecer\u00e1n en la Red Social.<\/p>\n\n\n\n<p>Concursos y promociones<\/p>\n\n\n\n<p><strong>SOLMANIA.CAT&nbsp;<\/strong>se reserva el derecho a realizar concursos y promociones, en los que podr\u00e1 participar el usuario unido a su p\u00e1gina. Las bases de cada uno de ellos, cuando se utilice para ello la plataforma de la Red Social, ser\u00e1n publicadas en la misma. Cumpliendo siempre con la LSSI-CE y con cualquier otra norma que le sea de aplicaci\u00f3n. La Red Social no patrocina, avala ni administra, de modo alguno, ninguna de nuestras promociones, ni est\u00e1 asociada a ninguna de ellas.<\/p>\n\n\n\n<p>Publicidad<\/p>\n\n\n\n<p><strong>SOLMANIA.CAT&nbsp;<\/strong>utilizar\u00e1 la Red Social para publicitar sus productos y servicios, en todo caso, si decide tratar sus datos de contacto para realizar acciones directas de prospecci\u00f3n comercial, ser\u00e1 siempre, cumpliendo con las exigencias legales de la RGPD y de la LSSI-CE. No se considerar\u00e1 publicidad el hecho de recomendar a otros usuarios la p\u00e1gina de SOLMANIA.CAT para que tambi\u00e9n ellos puedan disfrutar de las promociones o estar informados de su actividad.<\/p>\n\n\n\n<p>A continuaci\u00f3n detallamos el enlace a la pol\u00edtica de privacidad de la Red Social:<br>Facebook:&nbsp;<a href=\"https:\/\/www.facebook.com\/help\/323540651073243\/\" target=\"_blank\" rel=\"noreferrer noopener\">https:\/\/www.facebook.com\/help\/323540651073243\/<\/a><br>Instagram:&nbsp;<a href=\"http:\/\/instagram.com\/about\/legal\/privacy\/\" target=\"_blank\" rel=\"noreferrer noopener\">http:\/\/instagram.com\/about\/legal\/privacy\/<\/a><\/p>\n","protected":false},"excerpt":{"rendered":"<p>1. ESTETIBEL SL.&nbsp;(en adelante, \u201cSOLMANIA.CAT\u201d), informa a los usuarios que respeta la legislaci\u00f3n vigente en materia de protecci\u00f3n de datos personales, la privacidad de los usuarios y el secreto y seguridad de los datos, adoptando para ello las medidas t\u00e9cnicas y organizativas necesarias para evitar la p\u00e9rdida, mal uso, alteraci\u00f3n, acceso no autorizado y robo [&hellip;]<\/p>\n","protected":false},"author":1,"featured_media":0,"parent":0,"menu_order":0,"comment_status":"closed","ping_status":"closed","template":"","meta":{"_et_pb_use_builder":"","_et_pb_old_content":"","_et_gb_content_width":""},"yoast_head":"<!-- This site is optimized with the Yoast SEO plugin v20.1 - https:\/\/yoast.com\/wordpress\/plugins\/seo\/ -->\n<title>Pol\u00edtica de privacitat - Solmania<\/title>\n<meta name=\"robots\" content=\"noindex, follow\" \/>\n<meta property=\"og:locale\" content=\"ca_ES\" \/>\n<meta property=\"og:type\" content=\"article\" \/>\n<meta property=\"og:title\" content=\"Pol\u00edtica de privacitat - Solmania\" \/>\n<meta property=\"og:description\" content=\"1. ESTETIBEL SL.&nbsp;(en adelante, \u201cSOLMANIA.CAT\u201d), informa a los usuarios que respeta la legislaci\u00f3n vigente en materia de protecci\u00f3n de datos personales, la privacidad de los usuarios y el secreto y seguridad de los datos, adoptando para ello las medidas t\u00e9cnicas y organizativas necesarias para evitar la p\u00e9rdida, mal uso, alteraci\u00f3n, acceso no autorizado y robo [&hellip;]\" \/>\n<meta property=\"og:url\" content=\"https:\/\/solmania.cat\/ca\/politica-de-privacidad\/\" \/>\n<meta property=\"og:site_name\" content=\"Solmania\" \/>\n<meta property=\"article:modified_time\" content=\"2022-08-22T09:23:07+00:00\" \/>\n<meta name=\"twitter:card\" content=\"summary_large_image\" \/>\n<meta name=\"twitter:label1\" content=\"Temps estimat de lectura\" \/>\n\t<meta name=\"twitter:data1\" content=\"6 minuts\" \/>\n<script type=\"application\/ld+json\" class=\"yoast-schema-graph\">{\"@context\":\"https:\/\/schema.org\",\"@graph\":[{\"@type\":\"WebPage\",\"@id\":\"https:\/\/solmania.cat\/ca\/politica-de-privacidad\/\",\"url\":\"https:\/\/solmania.cat\/ca\/politica-de-privacidad\/\",\"name\":\"Pol\u00edtica de privacitat - Solmania\",\"isPartOf\":{\"@id\":\"https:\/\/solmania.cat\/ca\/#website\"},\"datePublished\":\"2022-08-12T10:41:35+00:00\",\"dateModified\":\"2022-08-22T09:23:07+00:00\",\"breadcrumb\":{\"@id\":\"https:\/\/solmania.cat\/ca\/politica-de-privacidad\/#breadcrumb\"},\"inLanguage\":\"ca\",\"potentialAction\":[{\"@type\":\"ReadAction\",\"target\":[\"https:\/\/solmania.cat\/ca\/politica-de-privacidad\/\"]}]},{\"@type\":\"BreadcrumbList\",\"@id\":\"https:\/\/solmania.cat\/ca\/politica-de-privacidad\/#breadcrumb\",\"itemListElement\":[{\"@type\":\"ListItem\",\"position\":1,\"name\":\"Portada\",\"item\":\"https:\/\/solmania.cat\/ca\/\"},{\"@type\":\"ListItem\",\"position\":2,\"name\":\"Pol\u00edtica de privacitat\"}]},{\"@type\":\"WebSite\",\"@id\":\"https:\/\/solmania.cat\/ca\/#website\",\"url\":\"https:\/\/solmania.cat\/ca\/\",\"name\":\"Solmania\",\"description\":\"Centros de bronceado en el Vall\u00e9s\",\"publisher\":{\"@id\":\"https:\/\/solmania.cat\/ca\/#organization\"},\"potentialAction\":[{\"@type\":\"SearchAction\",\"target\":{\"@type\":\"EntryPoint\",\"urlTemplate\":\"https:\/\/solmania.cat\/ca\/?s={search_term_string}\"},\"query-input\":\"required name=search_term_string\"}],\"inLanguage\":\"ca\"},{\"@type\":\"Organization\",\"@id\":\"https:\/\/solmania.cat\/ca\/#organization\",\"name\":\"Solmania\",\"url\":\"https:\/\/solmania.cat\/ca\/\",\"logo\":{\"@type\":\"ImageObject\",\"inLanguage\":\"ca\",\"@id\":\"https:\/\/solmania.cat\/ca\/#\/schema\/logo\/image\/\",\"url\":\"https:\/\/solmania.cat\/wp-content\/uploads\/2022\/08\/logo_solmania_tr-1.png\",\"contentUrl\":\"https:\/\/solmania.cat\/wp-content\/uploads\/2022\/08\/logo_solmania_tr-1.png\",\"width\":266,\"height\":27,\"caption\":\"Solmania\"},\"image\":{\"@id\":\"https:\/\/solmania.cat\/ca\/#\/schema\/logo\/image\/\"}}]}<\/script>\n<!-- \/ Yoast SEO plugin. -->","yoast_head_json":{"title":"Pol\u00edtica de privacitat - Solmania","robots":{"index":"noindex","follow":"follow"},"og_locale":"ca_ES","og_type":"article","og_title":"Pol\u00edtica de privacitat - Solmania","og_description":"1. ESTETIBEL SL.&nbsp;(en adelante, \u201cSOLMANIA.CAT\u201d), informa a los usuarios que respeta la legislaci\u00f3n vigente en materia de protecci\u00f3n de datos personales, la privacidad de los usuarios y el secreto y seguridad de los datos, adoptando para ello las medidas t\u00e9cnicas y organizativas necesarias para evitar la p\u00e9rdida, mal uso, alteraci\u00f3n, acceso no autorizado y robo [&hellip;]","og_url":"https:\/\/solmania.cat\/ca\/politica-de-privacidad\/","og_site_name":"Solmania","article_modified_time":"2022-08-22T09:23:07+00:00","twitter_card":"summary_large_image","twitter_misc":{"Temps estimat de lectura":"6 minuts"},"schema":{"@context":"https:\/\/schema.org","@graph":[{"@type":"WebPage","@id":"https:\/\/solmania.cat\/ca\/politica-de-privacidad\/","url":"https:\/\/solmania.cat\/ca\/politica-de-privacidad\/","name":"Pol\u00edtica de privacitat - Solmania","isPartOf":{"@id":"https:\/\/solmania.cat\/ca\/#website"},"datePublished":"2022-08-12T10:41:35+00:00","dateModified":"2022-08-22T09:23:07+00:00","breadcrumb":{"@id":"https:\/\/solmania.cat\/ca\/politica-de-privacidad\/#breadcrumb"},"inLanguage":"ca","potentialAction":[{"@type":"ReadAction","target":["https:\/\/solmania.cat\/ca\/politica-de-privacidad\/"]}]},{"@type":"BreadcrumbList","@id":"https:\/\/solmania.cat\/ca\/politica-de-privacidad\/#breadcrumb","itemListElement":[{"@type":"ListItem","position":1,"name":"Portada","item":"https:\/\/solmania.cat\/ca\/"},{"@type":"ListItem","position":2,"name":"Pol\u00edtica de privacitat"}]},{"@type":"WebSite","@id":"https:\/\/solmania.cat\/ca\/#website","url":"https:\/\/solmania.cat\/ca\/","name":"Solmania","description":"Centros de bronceado en el Vall\u00e9s","publisher":{"@id":"https:\/\/solmania.cat\/ca\/#organization"},"potentialAction":[{"@type":"SearchAction","target":{"@type":"EntryPoint","urlTemplate":"https:\/\/solmania.cat\/ca\/?s={search_term_string}"},"query-input":"required name=search_term_string"}],"inLanguage":"ca"},{"@type":"Organization","@id":"https:\/\/solmania.cat\/ca\/#organization","name":"Solmania","url":"https:\/\/solmania.cat\/ca\/","logo":{"@type":"ImageObject","inLanguage":"ca","@id":"https:\/\/solmania.cat\/ca\/#\/schema\/logo\/image\/","url":"https:\/\/solmania.cat\/wp-content\/uploads\/2022\/08\/logo_solmania_tr-1.png","contentUrl":"https:\/\/solmania.cat\/wp-content\/uploads\/2022\/08\/logo_solmania_tr-1.png","width":266,"height":27,"caption":"Solmania"},"image":{"@id":"https:\/\/solmania.cat\/ca\/#\/schema\/logo\/image\/"}}]}},"_links":{"self":[{"href":"https:\/\/solmania.cat\/ca\/wp-json\/wp\/v2\/pages\/271"}],"collection":[{"href":"https:\/\/solmania.cat\/ca\/wp-json\/wp\/v2\/pages"}],"about":[{"href":"https:\/\/solmania.cat\/ca\/wp-json\/wp\/v2\/types\/page"}],"author":[{"embeddable":true,"href":"https:\/\/solmania.cat\/ca\/wp-json\/wp\/v2\/users\/1"}],"replies":[{"embeddable":true,"href":"https:\/\/solmania.cat\/ca\/wp-json\/wp\/v2\/comments?post=271"}],"version-history":[{"count":2,"href":"https:\/\/solmania.cat\/ca\/wp-json\/wp\/v2\/pages\/271\/revisions"}],"predecessor-version":[{"id":335,"href":"https:\/\/solmania.cat\/ca\/wp-json\/wp\/v2\/pages\/271\/revisions\/335"}],"wp:attachment":[{"href":"https:\/\/solmania.cat\/ca\/wp-json\/wp\/v2\/media?parent=271"}],"curies":[{"name":"wp","href":"https:\/\/api.w.org\/{rel}","templated":true}]}}