{"id":267,"date":"2022-08-12T10:34:18","date_gmt":"2022-08-12T10:34:18","guid":{"rendered":"https:\/\/solmania.cat\/aviso-legal\/"},"modified":"2022-08-22T09:21:38","modified_gmt":"2022-08-22T09:21:38","slug":"aviso-legal","status":"publish","type":"page","link":"https:\/\/solmania.cat\/ca\/aviso-legal\/","title":{"rendered":"Avis Legal"},"content":{"rendered":"\n<p><strong>1. En cumplimiento del art\u00edculo 10 de la Ley 34\/2002, de 11 de julio, de Servicios de la Sociedad de la Informaci\u00f3n y Comercio Electr\u00f3nico (en adelante LSSI), pasamos a indicar:<\/strong><br><br>Titular de la p\u00e1gina web:&nbsp;<strong>ESTETIBEL S.L.<\/strong>&nbsp;(en adelante \u201cSOLMANIA.CAT\u201d).<br>Direcci\u00f3n: C\/ Vinyals 161 08223 Terrassa B-60579752<br>CP: 08223 \u2013 Terrassa (Barcelona)<br>CIF: B-60579752<br>estetibel@asociadis.cat<br><\/p>\n\n\n\n<p><strong>2. Propiedad intelectual y responsabilidad sobre los contenidos.<\/strong><\/p>\n\n\n\n<p>1. Queda prohibido cualquier uso de todos los contenidos de la p\u00e1gina web de&nbsp;<strong>SOLMANIA.CAT<\/strong>, concretamente sobre los textos, dise\u00f1o, obras, marcas, logotipos, c\u00f3digo fuente y cualquier otro susceptible de protecci\u00f3n, sin la autorizaci\u00f3n expresa de sus titulares, salvo la posibilidad de compartir contenidos cuando&nbsp;<strong>SOLMANIA.CAT<\/strong>&nbsp;as\u00ed lo autorice.<\/p>\n\n\n\n<p>Cualquier uso no permitido ser\u00e1 debidamente perseguido por los leg\u00edtimos propietarios. Igualmente, todos los nombres comerciales, marcas o signos distintivos de cualquier clase contenidos en la p\u00e1gina web de&nbsp;<strong>SOLMANIA<\/strong>.CAT&nbsp;est\u00e1n protegidos por la ley.<\/p>\n\n\n\n<p>2.&nbsp;<strong>SOLMANIA.CAT<\/strong>&nbsp;no se hace responsable de los contenidos a los que se dirigen los enlaces ubicados en la p\u00e1gina web, en su caso, seg\u00fan lo establecido en el art\u00edculo 17 de la LSSI.<\/p>\n\n\n\n<p>3.&nbsp;<strong>SOLMANIA.CAT<\/strong>&nbsp;no concede ning\u00fan tipo de licencia o autorizaci\u00f3n de uso personal al Usuario sobre sus derechos de propiedad intelectual e industrial o sobre cualquier otro derecho relacionado con la p\u00e1gina web titularidad de&nbsp;<strong>SOLMANIA.CAT<\/strong>&nbsp;y los servicios ofrecidos en la misma.<\/p>\n\n\n\n<p>Por ello, el Usuario reconoce que la reproducci\u00f3n, distribuci\u00f3n, comercializaci\u00f3n, transformaci\u00f3n, y en general, cualquier otra forma de explotaci\u00f3n, por cualquier procedimiento, de todo o parte de los contenidos de esta p\u00e1gina web constituye una infracci\u00f3n de los derechos de propiedad intelectual y \/o industrial de&nbsp;<strong>SOLMANIA.CAT<\/strong>&nbsp;o del titular de los mismos, pudiendo dar lugar al ejercicio por parte de&nbsp;<strong>SOLMANIA.CAT<\/strong>&nbsp;de todas las acciones judiciales o extrajudiciales que pudieran corresponder en ejercicio de sus derechos.<\/p>\n\n\n\n<p>Asimismo, la informaci\u00f3n a la que el cliente puede acceder a trav\u00e9s de la p\u00e1gina web de&nbsp;<strong>SOLMANIA.CAT<\/strong>, puede estar protegida por derechos de propiedad industrial, intelectual o de otra \u00edndole. En consecuencia&nbsp;<strong>SOLMANIA.CAT<\/strong>&nbsp;no ser\u00e1 responsable en ning\u00fan caso y bajo ning\u00fan concepto de las infracciones que pueda cometer el Usuario en relaci\u00f3n con estos derechos.<\/p>\n\n\n\n<p><strong>3. Legislaci\u00f3n aplicable y jurisdicci\u00f3n competente.<\/strong><\/p>\n\n\n\n<p>La presente pol\u00edtica legal queda sujeta a lo establecido en las leyes espa\u00f1olas. Para cualquier conflicto derivado de la interpretaci\u00f3n de las mismas, las partes se someten a la jurisdicci\u00f3n de los Tribunales de la ciudad de Barcelona, \u200b\u200bsiempre que ello no sea contrario a lo dispuesto en el art\u00edculo 29 de la LSSI.<\/p>\n\n\n\n<p><strong>4. Condiciones de uso.<\/strong><\/p>\n\n\n\n<p>El Usuario se compromete a utilizar la p\u00e1gina web, los contenidos y servicios de conformidad con la Ley, el presente Aviso Legal, las buenas costumbres y el orden p\u00fablico. Del mismo modo, el Usuario se obliga a no utilizar la p\u00e1gina web, sus contenidos o servicios que se presten a trav\u00e9s de \u00e9sta con fines o efectos il\u00edcitos, siendo contrarios a esta pol\u00edtica legal, o lesivos de intereses o derechos de terceros, o que de cualquier otra forma, pueda da\u00f1ar, inutilizar, hacer inaccesibles o deteriorar la p\u00e1gina web, sus contenidos o sus servicios o impedir un normal uso de la misma por parte de otros usuarios.<\/p>\n\n\n\n<p>Asimismo, el Usuario se compromete expresamente a no destruir, alterar, inutilizar o, de cualquier otra forma, da\u00f1ar los datos, programas o documentos electr\u00f3nicos que se encuentren en la p\u00e1gina web.<\/p>\n\n\n\n<p><strong>5. Condiciones particulares.<\/strong><\/p>\n\n\n\n<p>Este Aviso Legal es de aplicaci\u00f3n para cualquier Usuario que acceda a la p\u00e1gina web titularidad de&nbsp;<strong>SOLMANIA.CAT<\/strong>.<\/p>\n\n\n\n<p>Los usuarios que entreguen sus datos personales para cualquiera de las funcionalidades de la p\u00e1gina web de&nbsp;<strong>SOLMANIA.CAT<\/strong>, deber\u00e1n aceptar la<strong>&nbsp;Pol\u00edtica de Privacidad.<\/strong><\/p>\n","protected":false},"excerpt":{"rendered":"<p>1. En cumplimiento del art\u00edculo 10 de la Ley 34\/2002, de 11 de julio, de Servicios de la Sociedad de la Informaci\u00f3n y Comercio Electr\u00f3nico (en adelante LSSI), pasamos a indicar: Titular de la p\u00e1gina web:&nbsp;ESTETIBEL S.L.&nbsp;(en adelante \u201cSOLMANIA.CAT\u201d).Direcci\u00f3n: C\/ Vinyals 161 08223 Terrassa B-60579752CP: 08223 \u2013 Terrassa (Barcelona)CIF: B-60579752estetibel@asociadis.cat 2. Propiedad intelectual y responsabilidad [&hellip;]<\/p>\n","protected":false},"author":1,"featured_media":0,"parent":0,"menu_order":0,"comment_status":"closed","ping_status":"closed","template":"","meta":{"_et_pb_use_builder":"","_et_pb_old_content":"","_et_gb_content_width":""},"yoast_head":"<!-- This site is optimized with the Yoast SEO plugin v20.1 - https:\/\/yoast.com\/wordpress\/plugins\/seo\/ -->\n<title>Avis Legal - Solmania<\/title>\n<meta name=\"robots\" content=\"noindex, follow\" \/>\n<meta property=\"og:locale\" content=\"ca_ES\" \/>\n<meta property=\"og:type\" content=\"article\" \/>\n<meta property=\"og:title\" content=\"Avis Legal - Solmania\" \/>\n<meta property=\"og:description\" content=\"1. En cumplimiento del art\u00edculo 10 de la Ley 34\/2002, de 11 de julio, de Servicios de la Sociedad de la Informaci\u00f3n y Comercio Electr\u00f3nico (en adelante LSSI), pasamos a indicar: Titular de la p\u00e1gina web:&nbsp;ESTETIBEL S.L.&nbsp;(en adelante \u201cSOLMANIA.CAT\u201d).Direcci\u00f3n: C\/ Vinyals 161 08223 Terrassa B-60579752CP: 08223 \u2013 Terrassa (Barcelona)CIF: B-60579752estetibel@asociadis.cat 2. Propiedad intelectual y responsabilidad [&hellip;]\" \/>\n<meta property=\"og:url\" content=\"https:\/\/solmania.cat\/ca\/aviso-legal\/\" \/>\n<meta property=\"og:site_name\" content=\"Solmania\" \/>\n<meta property=\"article:modified_time\" content=\"2022-08-22T09:21:38+00:00\" \/>\n<meta name=\"twitter:card\" content=\"summary_large_image\" \/>\n<meta name=\"twitter:label1\" content=\"Temps estimat de lectura\" \/>\n\t<meta name=\"twitter:data1\" content=\"3 minuts\" \/>\n<script type=\"application\/ld+json\" class=\"yoast-schema-graph\">{\"@context\":\"https:\/\/schema.org\",\"@graph\":[{\"@type\":\"WebPage\",\"@id\":\"https:\/\/solmania.cat\/ca\/aviso-legal\/\",\"url\":\"https:\/\/solmania.cat\/ca\/aviso-legal\/\",\"name\":\"Avis Legal - Solmania\",\"isPartOf\":{\"@id\":\"https:\/\/solmania.cat\/ca\/#website\"},\"datePublished\":\"2022-08-12T10:34:18+00:00\",\"dateModified\":\"2022-08-22T09:21:38+00:00\",\"breadcrumb\":{\"@id\":\"https:\/\/solmania.cat\/ca\/aviso-legal\/#breadcrumb\"},\"inLanguage\":\"ca\",\"potentialAction\":[{\"@type\":\"ReadAction\",\"target\":[\"https:\/\/solmania.cat\/ca\/aviso-legal\/\"]}]},{\"@type\":\"BreadcrumbList\",\"@id\":\"https:\/\/solmania.cat\/ca\/aviso-legal\/#breadcrumb\",\"itemListElement\":[{\"@type\":\"ListItem\",\"position\":1,\"name\":\"Portada\",\"item\":\"https:\/\/solmania.cat\/ca\/\"},{\"@type\":\"ListItem\",\"position\":2,\"name\":\"Avis Legal\"}]},{\"@type\":\"WebSite\",\"@id\":\"https:\/\/solmania.cat\/ca\/#website\",\"url\":\"https:\/\/solmania.cat\/ca\/\",\"name\":\"Solmania\",\"description\":\"Centros de bronceado en el Vall\u00e9s\",\"publisher\":{\"@id\":\"https:\/\/solmania.cat\/ca\/#organization\"},\"potentialAction\":[{\"@type\":\"SearchAction\",\"target\":{\"@type\":\"EntryPoint\",\"urlTemplate\":\"https:\/\/solmania.cat\/ca\/?s={search_term_string}\"},\"query-input\":\"required name=search_term_string\"}],\"inLanguage\":\"ca\"},{\"@type\":\"Organization\",\"@id\":\"https:\/\/solmania.cat\/ca\/#organization\",\"name\":\"Solmania\",\"url\":\"https:\/\/solmania.cat\/ca\/\",\"logo\":{\"@type\":\"ImageObject\",\"inLanguage\":\"ca\",\"@id\":\"https:\/\/solmania.cat\/ca\/#\/schema\/logo\/image\/\",\"url\":\"https:\/\/solmania.cat\/wp-content\/uploads\/2022\/08\/logo_solmania_tr-1.png\",\"contentUrl\":\"https:\/\/solmania.cat\/wp-content\/uploads\/2022\/08\/logo_solmania_tr-1.png\",\"width\":266,\"height\":27,\"caption\":\"Solmania\"},\"image\":{\"@id\":\"https:\/\/solmania.cat\/ca\/#\/schema\/logo\/image\/\"}}]}<\/script>\n<!-- \/ Yoast SEO plugin. -->","yoast_head_json":{"title":"Avis Legal - Solmania","robots":{"index":"noindex","follow":"follow"},"og_locale":"ca_ES","og_type":"article","og_title":"Avis Legal - Solmania","og_description":"1. En cumplimiento del art\u00edculo 10 de la Ley 34\/2002, de 11 de julio, de Servicios de la Sociedad de la Informaci\u00f3n y Comercio Electr\u00f3nico (en adelante LSSI), pasamos a indicar: Titular de la p\u00e1gina web:&nbsp;ESTETIBEL S.L.&nbsp;(en adelante \u201cSOLMANIA.CAT\u201d).Direcci\u00f3n: C\/ Vinyals 161 08223 Terrassa B-60579752CP: 08223 \u2013 Terrassa (Barcelona)CIF: B-60579752estetibel@asociadis.cat 2. Propiedad intelectual y responsabilidad [&hellip;]","og_url":"https:\/\/solmania.cat\/ca\/aviso-legal\/","og_site_name":"Solmania","article_modified_time":"2022-08-22T09:21:38+00:00","twitter_card":"summary_large_image","twitter_misc":{"Temps estimat de lectura":"3 minuts"},"schema":{"@context":"https:\/\/schema.org","@graph":[{"@type":"WebPage","@id":"https:\/\/solmania.cat\/ca\/aviso-legal\/","url":"https:\/\/solmania.cat\/ca\/aviso-legal\/","name":"Avis Legal - Solmania","isPartOf":{"@id":"https:\/\/solmania.cat\/ca\/#website"},"datePublished":"2022-08-12T10:34:18+00:00","dateModified":"2022-08-22T09:21:38+00:00","breadcrumb":{"@id":"https:\/\/solmania.cat\/ca\/aviso-legal\/#breadcrumb"},"inLanguage":"ca","potentialAction":[{"@type":"ReadAction","target":["https:\/\/solmania.cat\/ca\/aviso-legal\/"]}]},{"@type":"BreadcrumbList","@id":"https:\/\/solmania.cat\/ca\/aviso-legal\/#breadcrumb","itemListElement":[{"@type":"ListItem","position":1,"name":"Portada","item":"https:\/\/solmania.cat\/ca\/"},{"@type":"ListItem","position":2,"name":"Avis Legal"}]},{"@type":"WebSite","@id":"https:\/\/solmania.cat\/ca\/#website","url":"https:\/\/solmania.cat\/ca\/","name":"Solmania","description":"Centros de bronceado en el Vall\u00e9s","publisher":{"@id":"https:\/\/solmania.cat\/ca\/#organization"},"potentialAction":[{"@type":"SearchAction","target":{"@type":"EntryPoint","urlTemplate":"https:\/\/solmania.cat\/ca\/?s={search_term_string}"},"query-input":"required name=search_term_string"}],"inLanguage":"ca"},{"@type":"Organization","@id":"https:\/\/solmania.cat\/ca\/#organization","name":"Solmania","url":"https:\/\/solmania.cat\/ca\/","logo":{"@type":"ImageObject","inLanguage":"ca","@id":"https:\/\/solmania.cat\/ca\/#\/schema\/logo\/image\/","url":"https:\/\/solmania.cat\/wp-content\/uploads\/2022\/08\/logo_solmania_tr-1.png","contentUrl":"https:\/\/solmania.cat\/wp-content\/uploads\/2022\/08\/logo_solmania_tr-1.png","width":266,"height":27,"caption":"Solmania"},"image":{"@id":"https:\/\/solmania.cat\/ca\/#\/schema\/logo\/image\/"}}]}},"_links":{"self":[{"href":"https:\/\/solmania.cat\/ca\/wp-json\/wp\/v2\/pages\/267"}],"collection":[{"href":"https:\/\/solmania.cat\/ca\/wp-json\/wp\/v2\/pages"}],"about":[{"href":"https:\/\/solmania.cat\/ca\/wp-json\/wp\/v2\/types\/page"}],"author":[{"embeddable":true,"href":"https:\/\/solmania.cat\/ca\/wp-json\/wp\/v2\/users\/1"}],"replies":[{"embeddable":true,"href":"https:\/\/solmania.cat\/ca\/wp-json\/wp\/v2\/comments?post=267"}],"version-history":[{"count":2,"href":"https:\/\/solmania.cat\/ca\/wp-json\/wp\/v2\/pages\/267\/revisions"}],"predecessor-version":[{"id":334,"href":"https:\/\/solmania.cat\/ca\/wp-json\/wp\/v2\/pages\/267\/revisions\/334"}],"wp:attachment":[{"href":"https:\/\/solmania.cat\/ca\/wp-json\/wp\/v2\/media?parent=267"}],"curies":[{"name":"wp","href":"https:\/\/api.w.org\/{rel}","templated":true}]}}