{"id":262,"date":"2022-08-12T08:38:41","date_gmt":"2022-08-12T08:38:41","guid":{"rendered":"https:\/\/solmania.cat\/tecnologia-de-bronceado\/"},"modified":"2024-11-29T08:30:38","modified_gmt":"2024-11-29T08:30:38","slug":"tecnologia-de-bronzejat","status":"publish","type":"page","link":"https:\/\/solmania.cat\/ca\/tecnologia-de-bronzejat\/","title":{"rendered":"Tecnologia"},"content":{"rendered":"<p>[et_pb_section fb_built=&#8221;1&#8243; fullwidth=&#8221;on&#8221; _builder_version=&#8221;4.20.0&#8243; _module_preset=&#8221;default&#8221; min_height=&#8221;40%&#8221; global_colors_info=&#8221;{}&#8221;][et_pb_fullwidth_header title=&#8221;Tecnologia de bronzejat&#8221; text_orientation=&#8221;center&#8221; _builder_version=&#8221;4.21.2&#8243; _module_preset=&#8221;default&#8221; title_font_size=&#8221;3em&#8221; background_color=&#8221;#FFFFFF&#8221; background_image=&#8221;https:\/\/solmania.cat\/wp-content\/uploads\/2022\/08\/fondo_solmania-3.jpg&#8221; background_position=&#8221;center_left&#8221; min_height=&#8221;500px&#8221; min_height_tablet=&#8221;500px&#8221; min_height_phone=&#8221;500px&#8221; min_height_last_edited=&#8221;on|phone&#8221; height=&#8221;500px&#8221; height_tablet=&#8221;500px&#8221; height_phone=&#8221;500px&#8221; height_last_edited=&#8221;on|phone&#8221; max_height=&#8221;500px&#8221; max_height_tablet=&#8221;500px&#8221; max_height_phone=&#8221;500px&#8221; max_height_last_edited=&#8221;on|phone&#8221; custom_margin=&#8221;0px||||false|false&#8221; custom_padding=&#8221;216px||||false|false&#8221; custom_padding_tablet=&#8221;160px||||false|false&#8221; custom_padding_phone=&#8221;146px||||false|false&#8221; custom_padding_last_edited=&#8221;on|desktop&#8221; title_font_size_tablet=&#8221;4em&#8221; title_font_size_phone=&#8221;2.6em&#8221; title_font_size_last_edited=&#8221;on|phone&#8221; custom_css_title=&#8221;display: inline-block!important;||background: rgba(21,20,20,0.80);||padding: 0.1em 0.2em;||border-radius: 8px;&#8221; global_colors_info=&#8221;{}&#8221;][\/et_pb_fullwidth_header][\/et_pb_section][et_pb_section fb_built=&#8221;1&#8243; _builder_version=&#8221;4.19.5&#8243; _module_preset=&#8221;default&#8221; custom_padding=&#8221;||24px|||&#8221; global_colors_info=&#8221;{}&#8221;][et_pb_row _builder_version=&#8221;4.19.5&#8243; _module_preset=&#8221;default&#8221; global_colors_info=&#8221;{}&#8221;][et_pb_column type=&#8221;4_4&#8243; _builder_version=&#8221;4.19.5&#8243; _module_preset=&#8221;default&#8221; global_colors_info=&#8221;{}&#8221;][et_pb_text _builder_version=&#8221;4.21.2&#8243; _module_preset=&#8221;default&#8221; text_font_size=&#8221;1.2em&#8221; text_line_height=&#8221;1.8em&#8221; link_font=&#8221;|700|||on||||&#8221; link_text_color=&#8221;#670202&#8243; header_font_size=&#8221;2.4em&#8221; header_2_font_size=&#8221;1.8em&#8221; hover_enabled=&#8221;0&#8243; global_colors_info=&#8221;{}&#8221; sticky_enabled=&#8221;0&#8243;]<\/p>\n<h2>A Solmania Vall\u00e8s trobar\u00e0s la millor tecnologia en bronzejat.<\/h2>\n<p>&nbsp;<\/p>\n<p>Solariums UV de disseny ultramodern a el Vall\u00e8s i amb tecnologia innovadora que converteixen les teves sessions de sol en una experi\u00e8ncia inoblidable.<br \/>Aquests solariums estan equipats amb l\u2019\u00faltim en tecnologia de bronzejat i confort per a poder satisfer les necessitats de les nostres clientes i clients m\u00e9s exigents.<\/p>\n<p><strong>La nostra Tecnologia en solariums UV<\/strong><\/p>\n<ul>\n<li>La combinaci\u00f3 perfecta entre els raigs UV i la llum de col\u00b7lagen \/ bellesa, BeautySpa, garanteix un resultat de bronzejat \u00f2ptim.<\/li>\n<li>La llum vermella activa el subministrament d\u2019oxigen en la pell el que potencia el bronzejat. Al mateix temps millora la cura de la pell.<\/li>\n<li>Els Leds de llum de col\u00b7lagen cuiden la pell del rostre, el coll, l\u2019escot, les espatlles i el cos mentre que els tubs i unitats facials bronzegen el cos segons la necessitat de cada persona.<\/li>\n<li>Pot\u00e8ncia de bronzejat personalitzada de suau a intensiu per al millor bronzejat possible segons el teu tipus de pell.<\/li>\n<li>Bronzejat facial adaptable a cada necessitat. Si prefereixes nom\u00e9s bronzejar el teu cos, simplement apaga la part facial.<\/li>\n<li>Superf\u00edcie ergon\u00f2mica d\u2019\u00faltima generaci\u00f3 per a tombar-se c\u00f2modament.<\/li>\n<li>F\u00e0cil maneig amb pantalles t\u00e0ctils, tant des de fora com des de dins del solario UV<\/li>\n<li>Ventilaci\u00f3 personalitzable en tres zones, rostre, cos i peus.<\/li>\n<li>Aire condicionat regulable per a bronzejar-te a la temperatura desitjada.<\/li>\n<li>Aqua fresh i aroma per a poder refrescar-te durant les teves sessions de sol.<\/li>\n<li>M\u00fasica personalitzada amb bluetooth\u00ae. Connecta el teu m\u00f2bil amb el solarium i escolta la teva m\u00fasica favorita.<\/li>\n<\/ul>\n<p>&nbsp;<\/p>\n<p>A Solmania t\u2019oferim la millor tecnologia i el millor confort per al millor bronzejat.<\/p>\n<p>&nbsp;<\/p>\n<p>[\/et_pb_text][\/et_pb_column][\/et_pb_row][\/et_pb_section][et_pb_section fb_built=&#8221;1&#8243; _builder_version=&#8221;4.21.2&#8243; _module_preset=&#8221;default&#8221; custom_padding=&#8221;9px||12px|||&#8221; saved_tabs=&#8221;all&#8221; global_colors_info=&#8221;{}&#8221;][et_pb_row _builder_version=&#8221;4.21.2&#8243; _module_preset=&#8221;default&#8221; global_colors_info=&#8221;{}&#8221;][et_pb_column type=&#8221;4_4&#8243; _builder_version=&#8221;4.21.2&#8243; _module_preset=&#8221;default&#8221; global_colors_info=&#8221;{}&#8221;][et_pb_text _builder_version=&#8221;4.21.2&#8243; _module_preset=&#8221;default&#8221; global_colors_info=&#8221;{}&#8221;]<\/p>\n<section class=\"av_textblock_section av-lksixyaj-592acf55c3b64bc12a13036d16c58a6e\" itemscope=\"itemscope\" itemtype=\"https:\/\/schema.org\/CreativeWork\">\n<div class=\"avia_textblock\" itemprop=\"text\">\n<h3 style=\"text-align: center;\"><strong>Financiado por la Uni\u00f3n Europea \u2013 NextGenerationEU<\/strong><\/h3>\n<\/div>\n<\/section>\n<div class=\"flex_column av-5kec-22a7d1c2d39bf91c4830ce17ce198419 av_one_half  avia-builder-el-20  el_after_av_textblock  el_before_av_one_half  first flex_column_div column-top-margin\">\n<div class=\"avia-image-container av-l6oqyc9k-943ad4664d5589ea4b2dd61c9b65d55e av-styling- avia-align-center  avia-builder-el-21  avia-builder-el-no-sibling \" itemprop=\"image\" itemscope=\"itemscope\" itemtype=\"https:\/\/schema.org\/ImageObject\">\n<div class=\"avia-image-container-inner\"><\/div>\n<\/div>\n<\/div>\n<p>[\/et_pb_text][\/et_pb_column][\/et_pb_row][et_pb_row column_structure=&#8221;1_2,1_2&#8243; _builder_version=&#8221;4.21.2&#8243; _module_preset=&#8221;default&#8221; global_colors_info=&#8221;{}&#8221;][et_pb_column type=&#8221;1_2&#8243; _builder_version=&#8221;4.21.2&#8243; _module_preset=&#8221;default&#8221; global_colors_info=&#8221;{}&#8221;][et_pb_image src=&#8221;https:\/\/solmania.cat\/wp-content\/uploads\/2022\/08\/financiado-ue.jpg&#8221; alt=&#8221;Logotipo de la Uni\u00f3n Europea&#8221; title_text=&#8221;Financiado por la UE&#8221; align=&#8221;center&#8221; _builder_version=&#8221;4.21.2&#8243; _module_preset=&#8221;default&#8221; global_colors_info=&#8221;{}&#8221;][\/et_pb_image][\/et_pb_column][et_pb_column type=&#8221;1_2&#8243; _builder_version=&#8221;4.21.2&#8243; _module_preset=&#8221;default&#8221; global_colors_info=&#8221;{}&#8221;][et_pb_image src=&#8221;https:\/\/solmania.cat\/wp-content\/uploads\/2022\/08\/planrecuperacion.jpg&#8221; alt=&#8221;Logotipo del Plan de Recuperaci\u00f3n, Transformaci\u00f3n y Resiliencia&#8221; title_text=&#8221;Plan de recuperaci\u00f3n&#8221; _builder_version=&#8221;4.21.2&#8243; _module_preset=&#8221;default&#8221; global_colors_info=&#8221;{}&#8221;][\/et_pb_image][\/et_pb_column][\/et_pb_row][\/et_pb_section]<\/p>\n","protected":false},"excerpt":{"rendered":"<p>A Solmania Vall\u00e8s trobar\u00e0s la millor tecnologia en bronzejat. &nbsp; Solariums UV de disseny ultramodern a el Vall\u00e8s i amb tecnologia innovadora que converteixen les teves sessions de sol en una experi\u00e8ncia inoblidable.Aquests solariums estan equipats amb l\u2019\u00faltim en tecnologia de bronzejat i confort per a poder satisfer les necessitats de les nostres clientes i [&hellip;]<\/p>\n","protected":false},"author":1,"featured_media":0,"parent":0,"menu_order":0,"comment_status":"closed","ping_status":"closed","template":"","meta":{"_et_pb_use_builder":"on","_et_pb_old_content":"","_et_gb_content_width":""},"yoast_head":"<!-- This site is optimized with the Yoast SEO plugin v20.1 - https:\/\/yoast.com\/wordpress\/plugins\/seo\/ -->\n<title>Tecnologia de Bronzejat - Solmania<\/title>\n<meta name=\"description\" content=\"Solariums UV de disseny ultramodern a el Vall\u00e8s amb tecnologia de bronzejat,\u00a0que fan les teves sessions de sol inoblidables.\" \/>\n<meta name=\"robots\" content=\"index, follow, max-snippet:-1, max-image-preview:large, max-video-preview:-1\" \/>\n<link rel=\"canonical\" href=\"https:\/\/solmania.cat\/ca\/tecnologia-de-bronzejat\/\" \/>\n<meta property=\"og:locale\" content=\"ca_ES\" \/>\n<meta property=\"og:type\" content=\"article\" \/>\n<meta property=\"og:title\" content=\"Tecnologia de Bronzejat - Solmania\" \/>\n<meta property=\"og:description\" content=\"Solariums UV de disseny ultramodern a el Vall\u00e8s amb tecnologia de bronzejat,\u00a0que fan les teves sessions de sol inoblidables.\" \/>\n<meta property=\"og:url\" content=\"https:\/\/solmania.cat\/ca\/tecnologia-de-bronzejat\/\" \/>\n<meta property=\"og:site_name\" content=\"Solmania\" \/>\n<meta property=\"article:modified_time\" content=\"2024-11-29T08:30:38+00:00\" \/>\n<meta name=\"twitter:card\" content=\"summary_large_image\" \/>\n<meta name=\"twitter:label1\" content=\"Temps estimat de lectura\" \/>\n\t<meta name=\"twitter:data1\" content=\"2 minuts\" \/>\n<script type=\"application\/ld+json\" class=\"yoast-schema-graph\">{\"@context\":\"https:\/\/schema.org\",\"@graph\":[{\"@type\":\"WebPage\",\"@id\":\"https:\/\/solmania.cat\/ca\/tecnologia-de-bronzejat\/\",\"url\":\"https:\/\/solmania.cat\/ca\/tecnologia-de-bronzejat\/\",\"name\":\"Tecnologia de Bronzejat - Solmania\",\"isPartOf\":{\"@id\":\"https:\/\/solmania.cat\/ca\/#website\"},\"datePublished\":\"2022-08-12T08:38:41+00:00\",\"dateModified\":\"2024-11-29T08:30:38+00:00\",\"description\":\"Solariums UV de disseny ultramodern a el Vall\u00e8s amb tecnologia de bronzejat,\u00a0que fan les teves sessions de sol inoblidables.\",\"breadcrumb\":{\"@id\":\"https:\/\/solmania.cat\/ca\/tecnologia-de-bronzejat\/#breadcrumb\"},\"inLanguage\":\"ca\",\"potentialAction\":[{\"@type\":\"ReadAction\",\"target\":[\"https:\/\/solmania.cat\/ca\/tecnologia-de-bronzejat\/\"]}]},{\"@type\":\"BreadcrumbList\",\"@id\":\"https:\/\/solmania.cat\/ca\/tecnologia-de-bronzejat\/#breadcrumb\",\"itemListElement\":[{\"@type\":\"ListItem\",\"position\":1,\"name\":\"Portada\",\"item\":\"https:\/\/solmania.cat\/ca\/\"},{\"@type\":\"ListItem\",\"position\":2,\"name\":\"Tecnologia\"}]},{\"@type\":\"WebSite\",\"@id\":\"https:\/\/solmania.cat\/ca\/#website\",\"url\":\"https:\/\/solmania.cat\/ca\/\",\"name\":\"Solmania\",\"description\":\"Centros de bronceado en el Vall\u00e9s\",\"publisher\":{\"@id\":\"https:\/\/solmania.cat\/ca\/#organization\"},\"potentialAction\":[{\"@type\":\"SearchAction\",\"target\":{\"@type\":\"EntryPoint\",\"urlTemplate\":\"https:\/\/solmania.cat\/ca\/?s={search_term_string}\"},\"query-input\":\"required name=search_term_string\"}],\"inLanguage\":\"ca\"},{\"@type\":\"Organization\",\"@id\":\"https:\/\/solmania.cat\/ca\/#organization\",\"name\":\"Solmania\",\"url\":\"https:\/\/solmania.cat\/ca\/\",\"logo\":{\"@type\":\"ImageObject\",\"inLanguage\":\"ca\",\"@id\":\"https:\/\/solmania.cat\/ca\/#\/schema\/logo\/image\/\",\"url\":\"https:\/\/solmania.cat\/wp-content\/uploads\/2022\/08\/logo_solmania_tr-1.png\",\"contentUrl\":\"https:\/\/solmania.cat\/wp-content\/uploads\/2022\/08\/logo_solmania_tr-1.png\",\"width\":266,\"height\":27,\"caption\":\"Solmania\"},\"image\":{\"@id\":\"https:\/\/solmania.cat\/ca\/#\/schema\/logo\/image\/\"}}]}<\/script>\n<!-- \/ Yoast SEO plugin. -->","yoast_head_json":{"title":"Tecnologia de Bronzejat - Solmania","description":"Solariums UV de disseny ultramodern a el Vall\u00e8s amb tecnologia de bronzejat,\u00a0que fan les teves sessions de sol inoblidables.","robots":{"index":"index","follow":"follow","max-snippet":"max-snippet:-1","max-image-preview":"max-image-preview:large","max-video-preview":"max-video-preview:-1"},"canonical":"https:\/\/solmania.cat\/ca\/tecnologia-de-bronzejat\/","og_locale":"ca_ES","og_type":"article","og_title":"Tecnologia de Bronzejat - Solmania","og_description":"Solariums UV de disseny ultramodern a el Vall\u00e8s amb tecnologia de bronzejat,\u00a0que fan les teves sessions de sol inoblidables.","og_url":"https:\/\/solmania.cat\/ca\/tecnologia-de-bronzejat\/","og_site_name":"Solmania","article_modified_time":"2024-11-29T08:30:38+00:00","twitter_card":"summary_large_image","twitter_misc":{"Temps estimat de lectura":"2 minuts"},"schema":{"@context":"https:\/\/schema.org","@graph":[{"@type":"WebPage","@id":"https:\/\/solmania.cat\/ca\/tecnologia-de-bronzejat\/","url":"https:\/\/solmania.cat\/ca\/tecnologia-de-bronzejat\/","name":"Tecnologia de Bronzejat - Solmania","isPartOf":{"@id":"https:\/\/solmania.cat\/ca\/#website"},"datePublished":"2022-08-12T08:38:41+00:00","dateModified":"2024-11-29T08:30:38+00:00","description":"Solariums UV de disseny ultramodern a el Vall\u00e8s amb tecnologia de bronzejat,\u00a0que fan les teves sessions de sol inoblidables.","breadcrumb":{"@id":"https:\/\/solmania.cat\/ca\/tecnologia-de-bronzejat\/#breadcrumb"},"inLanguage":"ca","potentialAction":[{"@type":"ReadAction","target":["https:\/\/solmania.cat\/ca\/tecnologia-de-bronzejat\/"]}]},{"@type":"BreadcrumbList","@id":"https:\/\/solmania.cat\/ca\/tecnologia-de-bronzejat\/#breadcrumb","itemListElement":[{"@type":"ListItem","position":1,"name":"Portada","item":"https:\/\/solmania.cat\/ca\/"},{"@type":"ListItem","position":2,"name":"Tecnologia"}]},{"@type":"WebSite","@id":"https:\/\/solmania.cat\/ca\/#website","url":"https:\/\/solmania.cat\/ca\/","name":"Solmania","description":"Centros de bronceado en el Vall\u00e9s","publisher":{"@id":"https:\/\/solmania.cat\/ca\/#organization"},"potentialAction":[{"@type":"SearchAction","target":{"@type":"EntryPoint","urlTemplate":"https:\/\/solmania.cat\/ca\/?s={search_term_string}"},"query-input":"required name=search_term_string"}],"inLanguage":"ca"},{"@type":"Organization","@id":"https:\/\/solmania.cat\/ca\/#organization","name":"Solmania","url":"https:\/\/solmania.cat\/ca\/","logo":{"@type":"ImageObject","inLanguage":"ca","@id":"https:\/\/solmania.cat\/ca\/#\/schema\/logo\/image\/","url":"https:\/\/solmania.cat\/wp-content\/uploads\/2022\/08\/logo_solmania_tr-1.png","contentUrl":"https:\/\/solmania.cat\/wp-content\/uploads\/2022\/08\/logo_solmania_tr-1.png","width":266,"height":27,"caption":"Solmania"},"image":{"@id":"https:\/\/solmania.cat\/ca\/#\/schema\/logo\/image\/"}}]}},"_links":{"self":[{"href":"https:\/\/solmania.cat\/ca\/wp-json\/wp\/v2\/pages\/262"}],"collection":[{"href":"https:\/\/solmania.cat\/ca\/wp-json\/wp\/v2\/pages"}],"about":[{"href":"https:\/\/solmania.cat\/ca\/wp-json\/wp\/v2\/types\/page"}],"author":[{"embeddable":true,"href":"https:\/\/solmania.cat\/ca\/wp-json\/wp\/v2\/users\/1"}],"replies":[{"embeddable":true,"href":"https:\/\/solmania.cat\/ca\/wp-json\/wp\/v2\/comments?post=262"}],"version-history":[{"count":27,"href":"https:\/\/solmania.cat\/ca\/wp-json\/wp\/v2\/pages\/262\/revisions"}],"predecessor-version":[{"id":512,"href":"https:\/\/solmania.cat\/ca\/wp-json\/wp\/v2\/pages\/262\/revisions\/512"}],"wp:attachment":[{"href":"https:\/\/solmania.cat\/ca\/wp-json\/wp\/v2\/media?parent=262"}],"curies":[{"name":"wp","href":"https:\/\/api.w.org\/{rel}","templated":true}]}}