{"id":257,"date":"2022-08-11T15:25:17","date_gmt":"2022-08-11T15:25:17","guid":{"rendered":"https:\/\/solmania.cat\/nuestros-centros-de-bronceado\/"},"modified":"2024-11-29T08:31:17","modified_gmt":"2024-11-29T08:31:17","slug":"els-nostres-centres-de-bronzejat","status":"publish","type":"page","link":"https:\/\/solmania.cat\/ca\/els-nostres-centres-de-bronzejat\/","title":{"rendered":"Els Nostres Centres"},"content":{"rendered":"<p>[et_pb_section fb_built=&#8221;1&#8243; fullwidth=&#8221;on&#8221; _builder_version=&#8221;4.20.0&#8243; _module_preset=&#8221;default&#8221; min_height=&#8221;40%&#8221; global_colors_info=&#8221;{}&#8221;][et_pb_fullwidth_header title=&#8221;Els nostres Centres de Bronzejat&#8221; text_orientation=&#8221;center&#8221; _builder_version=&#8221;4.21.2&#8243; _module_preset=&#8221;default&#8221; title_font_size=&#8221;3em&#8221; background_color=&#8221;#FFFFFF&#8221; background_image=&#8221;https:\/\/solmania.cat\/wp-content\/uploads\/2022\/08\/fondo_solmania-2.jpg&#8221; background_position=&#8221;center_left&#8221; min_height=&#8221;500px&#8221; min_height_tablet=&#8221;500px&#8221; min_height_phone=&#8221;500px&#8221; min_height_last_edited=&#8221;on|phone&#8221; height=&#8221;500px&#8221; height_tablet=&#8221;500px&#8221; height_phone=&#8221;500px&#8221; height_last_edited=&#8221;on|phone&#8221; max_height=&#8221;500px&#8221; max_height_tablet=&#8221;500px&#8221; max_height_phone=&#8221;500px&#8221; max_height_last_edited=&#8221;on|phone&#8221; custom_margin=&#8221;0px||||false|false&#8221; custom_padding=&#8221;216px||||false|false&#8221; custom_padding_tablet=&#8221;160px||||false|false&#8221; custom_padding_phone=&#8221;146px||||false|false&#8221; custom_padding_last_edited=&#8221;on|desktop&#8221; title_font_size_tablet=&#8221;4em&#8221; title_font_size_phone=&#8221;2.6em&#8221; title_font_size_last_edited=&#8221;on|phone&#8221; custom_css_title=&#8221;display: inline-block!important;||background: rgba(21,20,20,0.80);||padding: 0.1em 0.2em;||border-radius: 8px;&#8221; global_colors_info=&#8221;{}&#8221;][\/et_pb_fullwidth_header][\/et_pb_section][et_pb_section fb_built=&#8221;1&#8243; _builder_version=&#8221;4.19.5&#8243; _module_preset=&#8221;default&#8221; custom_padding=&#8221;||24px|||&#8221; global_colors_info=&#8221;{}&#8221;][et_pb_row _builder_version=&#8221;4.19.5&#8243; _module_preset=&#8221;default&#8221; global_colors_info=&#8221;{}&#8221;][et_pb_column type=&#8221;4_4&#8243; _builder_version=&#8221;4.19.5&#8243; _module_preset=&#8221;default&#8221; global_colors_info=&#8221;{}&#8221;][et_pb_text _builder_version=&#8221;4.21.2&#8243; _module_preset=&#8221;default&#8221; text_font_size=&#8221;1.2em&#8221; text_line_height=&#8221;1.8em&#8221; link_font=&#8221;|700|||on||||&#8221; link_text_color=&#8221;#670202&#8243; header_font_size=&#8221;2.4em&#8221; header_2_font_size=&#8221;1.8em&#8221; hover_enabled=&#8221;0&#8243; global_colors_info=&#8221;{}&#8221; sticky_enabled=&#8221;0&#8243;]<\/p>\n<section class=\"av_textblock_section av-l6j55zw1-dfa8f8384e82e52b4b4912a7fe727364\" itemscope=\"itemscope\" itemtype=\"https:\/\/schema.org\/CreativeWork\">\n<div class=\"avia_textblock\" itemprop=\"text\">\n<p class=\"elementor-heading-title elementor-size-default\"><span>Centres de bronzejat Solmania, amb exclusivitat al Vall\u00e8s. Els centres Solman\u00eda combinen <a href=\"https:\/\/solmania.cat\/ca\/tecnologia\/\">la darrera tecnologia<\/a>\u00a0amb sessions de bronzejat ultrar\u00e0pides amb millor relaci\u00f3 qualitat-preu, i amb un personal especialitzat que permet proporcionar una atenci\u00f3 personalitzada. Descobreix el centre Solmania m\u00e9s proper:<\/span><\/p>\n<p class=\"elementor-heading-title elementor-size-default\"><span><\/span><\/p>\n<\/div>\n<\/section>\n<p>[\/et_pb_text][\/et_pb_column][\/et_pb_row][et_pb_row column_structure=&#8221;1_2,1_2&#8243; _builder_version=&#8221;4.21.2&#8243; _module_preset=&#8221;default&#8221; global_colors_info=&#8221;{}&#8221;][et_pb_column type=&#8221;1_2&#8243; _builder_version=&#8221;4.21.2&#8243; _module_preset=&#8221;default&#8221; global_colors_info=&#8221;{}&#8221;][et_pb_image src=&#8221;https:\/\/solmania.cat\/wp-content\/uploads\/2022\/08\/solmaniaterrassa.jpg&#8221; alt=&#8221;Imagen del mapa de Centro de bronceado Solmania Terrassa&#8221; title_text=&#8221;Solmania terrassa&#8221; align=&#8221;center&#8221; _builder_version=&#8221;4.21.2&#8243; _module_preset=&#8221;default&#8221; global_colors_info=&#8221;{}&#8221;][\/et_pb_image][\/et_pb_column][et_pb_column type=&#8221;1_2&#8243; _builder_version=&#8221;4.21.2&#8243; _module_preset=&#8221;default&#8221; global_colors_info=&#8221;{}&#8221;][et_pb_text _builder_version=&#8221;4.21.2&#8243; _module_preset=&#8221;default&#8221; global_colors_info=&#8221;{}&#8221;]<\/p>\n<h2 style=\"text-align: center;\"><span>CENTRE DE BRONZEJAT <\/span><strong>SOLMAN\u00cdA TERRASSA<\/strong><\/h2>\n<p>[\/et_pb_text][et_pb_text _builder_version=&#8221;4.21.2&#8243; _module_preset=&#8221;default&#8221; text_font_size=&#8221;1.2em&#8221; text_line_height=&#8221;1.8em&#8221; link_font=&#8221;|700|||on||||&#8221; link_text_color=&#8221;#670202&#8243; header_font_size=&#8221;2.4em&#8221; header_2_font_size=&#8221;1.8em&#8221; global_colors_info=&#8221;{}&#8221;]<\/p>\n<section class=\"av_textblock_section av-l6j55zw1-dfa8f8384e82e52b4b4912a7fe727364\" itemscope=\"itemscope\" itemtype=\"https:\/\/schema.org\/CreativeWork\">\n<div class=\"avia_textblock\" itemprop=\"text\">\n<p class=\"elementor-heading-title elementor-size-default\" style=\"text-align: center;\">AV. JAUME I \u2013 320<br \/>TERRASSA 08226<br \/>937 351 554<\/p>\n<p class=\"elementor-heading-title elementor-size-default\" style=\"text-align: center;\"><a href=\"https:\/\/www.google.com\/maps\/place\/Solman%C3%ADa+Terrassa\/@41.573922,2.0170753,17z\/data=!3m1!4b1!4m5!3m4!1s0x12a492d070e9fedb:0x49d12a31e056cb97!8m2!3d41.5739161!4d2.0192652\" title=\"Ver el mapa en Google Maps\">Veure a Google Maps<\/a><\/p>\n<p class=\"elementor-heading-title elementor-size-default\"><span><\/span><\/p>\n<\/div>\n<\/section>\n<p>[\/et_pb_text][\/et_pb_column][\/et_pb_row][et_pb_row column_structure=&#8221;1_2,1_2&#8243; _builder_version=&#8221;4.21.2&#8243; _module_preset=&#8221;default&#8221; global_colors_info=&#8221;{}&#8221;][et_pb_column type=&#8221;1_2&#8243; _builder_version=&#8221;4.21.2&#8243; _module_preset=&#8221;default&#8221; global_colors_info=&#8221;{}&#8221;][et_pb_image src=&#8221;https:\/\/solmania.cat\/wp-content\/uploads\/2022\/08\/solmaniasabadell.jpg&#8221; alt=&#8221;Imagen del mapa de Centro de bronceado Solman\u00eda Sabadell&#8221; title_text=&#8221;Solmania Sabadell&#8221; align=&#8221;center&#8221; _builder_version=&#8221;4.21.2&#8243; _module_preset=&#8221;default&#8221; global_colors_info=&#8221;{}&#8221;][\/et_pb_image][\/et_pb_column][et_pb_column type=&#8221;1_2&#8243; _builder_version=&#8221;4.21.2&#8243; _module_preset=&#8221;default&#8221; global_colors_info=&#8221;{}&#8221;][et_pb_text _builder_version=&#8221;4.21.2&#8243; _module_preset=&#8221;default&#8221; global_colors_info=&#8221;{}&#8221;]<\/p>\n<h2 style=\"text-align: center;\"><span><\/span>CENTRE DE BRONZEJAT <strong>SOLMAN\u00cdA SABADELL<\/strong><\/h2>\n<p>[\/et_pb_text][et_pb_text _builder_version=&#8221;4.21.2&#8243; _module_preset=&#8221;default&#8221; text_font_size=&#8221;1.2em&#8221; text_line_height=&#8221;1.8em&#8221; link_font=&#8221;|700|||on||||&#8221; link_text_color=&#8221;#670202&#8243; header_font_size=&#8221;2.4em&#8221; header_2_font_size=&#8221;1.8em&#8221; global_colors_info=&#8221;{}&#8221;]<\/p>\n<section class=\"av_textblock_section av-l6j55zw1-dfa8f8384e82e52b4b4912a7fe727364\" itemscope=\"itemscope\" itemtype=\"https:\/\/schema.org\/CreativeWork\">\n<div class=\"avia_textblock\" itemprop=\"text\">\n<p class=\"elementor-heading-title elementor-size-default\" style=\"text-align: center;\">RAMBLA \u2013 180<br \/>SABADELL 08201<br \/>937 266 015<\/p>\n<p class=\"elementor-heading-title elementor-size-default\" style=\"text-align: center;\"><a href=\"https:\/\/www.google.com\/maps\/place\/Solman%C3%ADa+Sabadell\/@41.540774,2.1095275,17z\/data=!3m1!4b1!4m5!3m4!1s0x12a495a9ead99bab:0x87dc1c7716a0aab7!8m2!3d41.5407789!4d2.1117482\" title=\"Ver el mapa en Google Maps\">Veure a Google Maps<\/a><\/p>\n<p class=\"elementor-heading-title elementor-size-default\"><span><\/span><\/p>\n<\/div>\n<\/section>\n<p>[\/et_pb_text][\/et_pb_column][\/et_pb_row][et_pb_row column_structure=&#8221;1_2,1_2&#8243; _builder_version=&#8221;4.21.2&#8243; _module_preset=&#8221;default&#8221; global_colors_info=&#8221;{}&#8221;][et_pb_column type=&#8221;1_2&#8243; _builder_version=&#8221;4.21.2&#8243; _module_preset=&#8221;default&#8221; global_colors_info=&#8221;{}&#8221;][et_pb_image src=&#8221;https:\/\/solmania.cat\/wp-content\/uploads\/2022\/08\/solmaniasantcugat.jpg&#8221; alt=&#8221;Centro de bronceado Solmania Sant Cugat&#8221; title_text=&#8221;Solmania Sant Cugat&#8221; align=&#8221;center&#8221; _builder_version=&#8221;4.21.2&#8243; _module_preset=&#8221;default&#8221; global_colors_info=&#8221;{}&#8221;][\/et_pb_image][\/et_pb_column][et_pb_column type=&#8221;1_2&#8243; _builder_version=&#8221;4.21.2&#8243; _module_preset=&#8221;default&#8221; global_colors_info=&#8221;{}&#8221;][et_pb_text _builder_version=&#8221;4.21.2&#8243; _module_preset=&#8221;default&#8221; global_colors_info=&#8221;{}&#8221;]<\/p>\n<h2 style=\"text-align: center;\">CENTRE DE BRONZEJAT\u00a0<strong>SOLMAN\u00cdA SANT CUGAT DEL VALL\u00c9S<\/strong><\/h2>\n<p>[\/et_pb_text][et_pb_text _builder_version=&#8221;4.21.2&#8243; _module_preset=&#8221;default&#8221; text_font_size=&#8221;1.2em&#8221; text_line_height=&#8221;1.8em&#8221; link_font=&#8221;|700|||on||||&#8221; link_text_color=&#8221;#670202&#8243; header_font_size=&#8221;2.4em&#8221; header_2_font_size=&#8221;1.8em&#8221; global_colors_info=&#8221;{}&#8221;]<\/p>\n<p style=\"text-align: center;\">TORRENT DE LA BOMBA \u2013 42<br \/>SANT CUGAT DEL VALL\u00c8S 08190<br \/>931 156 859<\/p>\n<p class=\"elementor-heading-title elementor-size-default\" style=\"text-align: center;\"><a href=\"https:\/\/www.google.com\/maps\/place\/Solman%C3%ADa+Sant+Cugat\/@41.4711427,2.0780716,17z\/data=!3m1!4b1!4m5!3m4!1s0x12a496db6a33a9f3:0xefb2886f17be2b22!8m2!3d41.4711215!4d2.0802346\" title=\"Ver el mapa en Google Maps\">Veure a Google Maps<\/a><\/p>\n<p class=\"elementor-heading-title elementor-size-default\"><span><\/span><\/p>\n<p>[\/et_pb_text][\/et_pb_column][\/et_pb_row][\/et_pb_section][et_pb_section fb_built=&#8221;1&#8243; _builder_version=&#8221;4.21.2&#8243; _module_preset=&#8221;default&#8221; custom_padding=&#8221;9px||12px|||&#8221; saved_tabs=&#8221;all&#8221; global_colors_info=&#8221;{}&#8221;][et_pb_row _builder_version=&#8221;4.21.2&#8243; _module_preset=&#8221;default&#8221; global_colors_info=&#8221;{}&#8221;][et_pb_column type=&#8221;4_4&#8243; _builder_version=&#8221;4.21.2&#8243; _module_preset=&#8221;default&#8221; global_colors_info=&#8221;{}&#8221;][et_pb_text _builder_version=&#8221;4.21.2&#8243; _module_preset=&#8221;default&#8221; global_colors_info=&#8221;{}&#8221;]<\/p>\n<section class=\"av_textblock_section av-lksixyaj-592acf55c3b64bc12a13036d16c58a6e\" itemscope=\"itemscope\" itemtype=\"https:\/\/schema.org\/CreativeWork\">\n<div class=\"avia_textblock\" itemprop=\"text\">\n<h3 style=\"text-align: center;\"><strong>Financiado por la Uni\u00f3n Europea \u2013 NextGenerationEU<\/strong><\/h3>\n<\/div>\n<\/section>\n<div class=\"flex_column av-5kec-22a7d1c2d39bf91c4830ce17ce198419 av_one_half  avia-builder-el-20  el_after_av_textblock  el_before_av_one_half  first flex_column_div column-top-margin\">\n<div class=\"avia-image-container av-l6oqyc9k-943ad4664d5589ea4b2dd61c9b65d55e av-styling- avia-align-center  avia-builder-el-21  avia-builder-el-no-sibling \" itemprop=\"image\" itemscope=\"itemscope\" itemtype=\"https:\/\/schema.org\/ImageObject\">\n<div class=\"avia-image-container-inner\"><\/div>\n<\/div>\n<\/div>\n<p>[\/et_pb_text][\/et_pb_column][\/et_pb_row][et_pb_row column_structure=&#8221;1_2,1_2&#8243; _builder_version=&#8221;4.21.2&#8243; _module_preset=&#8221;default&#8221; global_colors_info=&#8221;{}&#8221;][et_pb_column type=&#8221;1_2&#8243; _builder_version=&#8221;4.21.2&#8243; _module_preset=&#8221;default&#8221; global_colors_info=&#8221;{}&#8221;][et_pb_image src=&#8221;https:\/\/solmania.cat\/wp-content\/uploads\/2022\/08\/financiado-ue.jpg&#8221; alt=&#8221;Logotipo de la Uni\u00f3n Europea&#8221; title_text=&#8221;Financiado por la UE&#8221; align=&#8221;center&#8221; _builder_version=&#8221;4.21.2&#8243; _module_preset=&#8221;default&#8221; global_colors_info=&#8221;{}&#8221;][\/et_pb_image][\/et_pb_column][et_pb_column type=&#8221;1_2&#8243; _builder_version=&#8221;4.21.2&#8243; _module_preset=&#8221;default&#8221; global_colors_info=&#8221;{}&#8221;][et_pb_image src=&#8221;https:\/\/solmania.cat\/wp-content\/uploads\/2022\/08\/planrecuperacion.jpg&#8221; alt=&#8221;Logotipo del Plan de Recuperaci\u00f3n, Transformaci\u00f3n y Resiliencia&#8221; title_text=&#8221;Plan de recuperaci\u00f3n&#8221; _builder_version=&#8221;4.21.2&#8243; _module_preset=&#8221;default&#8221; global_colors_info=&#8221;{}&#8221;][\/et_pb_image][\/et_pb_column][\/et_pb_row][\/et_pb_section]<\/p>\n","protected":false},"excerpt":{"rendered":"<p>Centres de bronzejat Solmania, amb exclusivitat al Vall\u00e8s. Els centres Solman\u00eda combinen la darrera tecnologia\u00a0amb sessions de bronzejat ultrar\u00e0pides amb millor relaci\u00f3 qualitat-preu, i amb un personal especialitzat que permet proporcionar una atenci\u00f3 personalitzada. Descobreix el centre Solmania m\u00e9s proper: CENTRE DE BRONZEJAT SOLMAN\u00cdA TERRASSA AV. JAUME I \u2013 320TERRASSA 08226937 351 554 Veure a [&hellip;]<\/p>\n","protected":false},"author":1,"featured_media":0,"parent":0,"menu_order":0,"comment_status":"closed","ping_status":"closed","template":"","meta":{"_et_pb_use_builder":"on","_et_pb_old_content":"","_et_gb_content_width":""},"yoast_head":"<!-- This site is optimized with the Yoast SEO plugin v20.1 - https:\/\/yoast.com\/wordpress\/plugins\/seo\/ -->\n<title>Centres de bronzejat aprop teu - Solmania Vall\u00e8s<\/title>\n<meta name=\"description\" content=\"Localitza el teu centre de bronzejat Solman\u00eda amb la darrera tecnologia a Terrassa, Sabadell i Sant Cugat\" \/>\n<meta name=\"robots\" content=\"index, follow, max-snippet:-1, max-image-preview:large, max-video-preview:-1\" \/>\n<link rel=\"canonical\" href=\"https:\/\/solmania.cat\/ca\/els-nostres-centres-de-bronzejat\/\" \/>\n<meta property=\"og:locale\" content=\"ca_ES\" \/>\n<meta property=\"og:type\" content=\"article\" \/>\n<meta property=\"og:title\" content=\"Centres de bronzejat aprop teu - Solmania Vall\u00e8s\" \/>\n<meta property=\"og:description\" content=\"Localitza el teu centre de bronzejat Solman\u00eda amb la darrera tecnologia a Terrassa, Sabadell i Sant Cugat\" \/>\n<meta property=\"og:url\" content=\"https:\/\/solmania.cat\/ca\/els-nostres-centres-de-bronzejat\/\" \/>\n<meta property=\"og:site_name\" content=\"Solmania\" \/>\n<meta property=\"article:modified_time\" content=\"2024-11-29T08:31:17+00:00\" \/>\n<meta name=\"twitter:card\" content=\"summary_large_image\" \/>\n<meta name=\"twitter:label1\" content=\"Temps estimat de lectura\" \/>\n\t<meta name=\"twitter:data1\" content=\"2 minuts\" \/>\n<script type=\"application\/ld+json\" class=\"yoast-schema-graph\">{\"@context\":\"https:\/\/schema.org\",\"@graph\":[{\"@type\":\"WebPage\",\"@id\":\"https:\/\/solmania.cat\/ca\/els-nostres-centres-de-bronzejat\/\",\"url\":\"https:\/\/solmania.cat\/ca\/els-nostres-centres-de-bronzejat\/\",\"name\":\"Centres de bronzejat aprop teu - Solmania Vall\u00e8s\",\"isPartOf\":{\"@id\":\"https:\/\/solmania.cat\/ca\/#website\"},\"datePublished\":\"2022-08-11T15:25:17+00:00\",\"dateModified\":\"2024-11-29T08:31:17+00:00\",\"description\":\"Localitza el teu centre de bronzejat Solman\u00eda amb la darrera tecnologia a Terrassa, Sabadell i Sant Cugat\",\"breadcrumb\":{\"@id\":\"https:\/\/solmania.cat\/ca\/els-nostres-centres-de-bronzejat\/#breadcrumb\"},\"inLanguage\":\"ca\",\"potentialAction\":[{\"@type\":\"ReadAction\",\"target\":[\"https:\/\/solmania.cat\/ca\/els-nostres-centres-de-bronzejat\/\"]}]},{\"@type\":\"BreadcrumbList\",\"@id\":\"https:\/\/solmania.cat\/ca\/els-nostres-centres-de-bronzejat\/#breadcrumb\",\"itemListElement\":[{\"@type\":\"ListItem\",\"position\":1,\"name\":\"Portada\",\"item\":\"https:\/\/solmania.cat\/ca\/\"},{\"@type\":\"ListItem\",\"position\":2,\"name\":\"Els Nostres Centres\"}]},{\"@type\":\"WebSite\",\"@id\":\"https:\/\/solmania.cat\/ca\/#website\",\"url\":\"https:\/\/solmania.cat\/ca\/\",\"name\":\"Solmania\",\"description\":\"Centros de bronceado en el Vall\u00e9s\",\"publisher\":{\"@id\":\"https:\/\/solmania.cat\/ca\/#organization\"},\"potentialAction\":[{\"@type\":\"SearchAction\",\"target\":{\"@type\":\"EntryPoint\",\"urlTemplate\":\"https:\/\/solmania.cat\/ca\/?s={search_term_string}\"},\"query-input\":\"required name=search_term_string\"}],\"inLanguage\":\"ca\"},{\"@type\":\"Organization\",\"@id\":\"https:\/\/solmania.cat\/ca\/#organization\",\"name\":\"Solmania\",\"url\":\"https:\/\/solmania.cat\/ca\/\",\"logo\":{\"@type\":\"ImageObject\",\"inLanguage\":\"ca\",\"@id\":\"https:\/\/solmania.cat\/ca\/#\/schema\/logo\/image\/\",\"url\":\"https:\/\/solmania.cat\/wp-content\/uploads\/2022\/08\/logo_solmania_tr-1.png\",\"contentUrl\":\"https:\/\/solmania.cat\/wp-content\/uploads\/2022\/08\/logo_solmania_tr-1.png\",\"width\":266,\"height\":27,\"caption\":\"Solmania\"},\"image\":{\"@id\":\"https:\/\/solmania.cat\/ca\/#\/schema\/logo\/image\/\"}}]}<\/script>\n<!-- \/ Yoast SEO plugin. -->","yoast_head_json":{"title":"Centres de bronzejat aprop teu - Solmania Vall\u00e8s","description":"Localitza el teu centre de bronzejat Solman\u00eda amb la darrera tecnologia a Terrassa, Sabadell i Sant Cugat","robots":{"index":"index","follow":"follow","max-snippet":"max-snippet:-1","max-image-preview":"max-image-preview:large","max-video-preview":"max-video-preview:-1"},"canonical":"https:\/\/solmania.cat\/ca\/els-nostres-centres-de-bronzejat\/","og_locale":"ca_ES","og_type":"article","og_title":"Centres de bronzejat aprop teu - Solmania Vall\u00e8s","og_description":"Localitza el teu centre de bronzejat Solman\u00eda amb la darrera tecnologia a Terrassa, Sabadell i Sant Cugat","og_url":"https:\/\/solmania.cat\/ca\/els-nostres-centres-de-bronzejat\/","og_site_name":"Solmania","article_modified_time":"2024-11-29T08:31:17+00:00","twitter_card":"summary_large_image","twitter_misc":{"Temps estimat de lectura":"2 minuts"},"schema":{"@context":"https:\/\/schema.org","@graph":[{"@type":"WebPage","@id":"https:\/\/solmania.cat\/ca\/els-nostres-centres-de-bronzejat\/","url":"https:\/\/solmania.cat\/ca\/els-nostres-centres-de-bronzejat\/","name":"Centres de bronzejat aprop teu - Solmania Vall\u00e8s","isPartOf":{"@id":"https:\/\/solmania.cat\/ca\/#website"},"datePublished":"2022-08-11T15:25:17+00:00","dateModified":"2024-11-29T08:31:17+00:00","description":"Localitza el teu centre de bronzejat Solman\u00eda amb la darrera tecnologia a Terrassa, Sabadell i Sant Cugat","breadcrumb":{"@id":"https:\/\/solmania.cat\/ca\/els-nostres-centres-de-bronzejat\/#breadcrumb"},"inLanguage":"ca","potentialAction":[{"@type":"ReadAction","target":["https:\/\/solmania.cat\/ca\/els-nostres-centres-de-bronzejat\/"]}]},{"@type":"BreadcrumbList","@id":"https:\/\/solmania.cat\/ca\/els-nostres-centres-de-bronzejat\/#breadcrumb","itemListElement":[{"@type":"ListItem","position":1,"name":"Portada","item":"https:\/\/solmania.cat\/ca\/"},{"@type":"ListItem","position":2,"name":"Els Nostres Centres"}]},{"@type":"WebSite","@id":"https:\/\/solmania.cat\/ca\/#website","url":"https:\/\/solmania.cat\/ca\/","name":"Solmania","description":"Centros de bronceado en el Vall\u00e9s","publisher":{"@id":"https:\/\/solmania.cat\/ca\/#organization"},"potentialAction":[{"@type":"SearchAction","target":{"@type":"EntryPoint","urlTemplate":"https:\/\/solmania.cat\/ca\/?s={search_term_string}"},"query-input":"required name=search_term_string"}],"inLanguage":"ca"},{"@type":"Organization","@id":"https:\/\/solmania.cat\/ca\/#organization","name":"Solmania","url":"https:\/\/solmania.cat\/ca\/","logo":{"@type":"ImageObject","inLanguage":"ca","@id":"https:\/\/solmania.cat\/ca\/#\/schema\/logo\/image\/","url":"https:\/\/solmania.cat\/wp-content\/uploads\/2022\/08\/logo_solmania_tr-1.png","contentUrl":"https:\/\/solmania.cat\/wp-content\/uploads\/2022\/08\/logo_solmania_tr-1.png","width":266,"height":27,"caption":"Solmania"},"image":{"@id":"https:\/\/solmania.cat\/ca\/#\/schema\/logo\/image\/"}}]}},"_links":{"self":[{"href":"https:\/\/solmania.cat\/ca\/wp-json\/wp\/v2\/pages\/257"}],"collection":[{"href":"https:\/\/solmania.cat\/ca\/wp-json\/wp\/v2\/pages"}],"about":[{"href":"https:\/\/solmania.cat\/ca\/wp-json\/wp\/v2\/types\/page"}],"author":[{"embeddable":true,"href":"https:\/\/solmania.cat\/ca\/wp-json\/wp\/v2\/users\/1"}],"replies":[{"embeddable":true,"href":"https:\/\/solmania.cat\/ca\/wp-json\/wp\/v2\/comments?post=257"}],"version-history":[{"count":32,"href":"https:\/\/solmania.cat\/ca\/wp-json\/wp\/v2\/pages\/257\/revisions"}],"predecessor-version":[{"id":514,"href":"https:\/\/solmania.cat\/ca\/wp-json\/wp\/v2\/pages\/257\/revisions\/514"}],"wp:attachment":[{"href":"https:\/\/solmania.cat\/ca\/wp-json\/wp\/v2\/media?parent=257"}],"curies":[{"name":"wp","href":"https:\/\/api.w.org\/{rel}","templated":true}]}}