{"id":253,"date":"2022-08-07T07:37:44","date_gmt":"2022-08-07T07:37:44","guid":{"rendered":"https:\/\/solmania.cat\/centros-bronceado-solmania-valles-lleida\/"},"modified":"2024-11-29T08:32:03","modified_gmt":"2024-11-29T08:32:03","slug":"centres-bronzejat-solmania-valles-lleida","status":"publish","type":"page","link":"https:\/\/solmania.cat\/ca\/","title":{"rendered":"Al mal temps, bona cara"},"content":{"rendered":"<p>[et_pb_section fb_built=&#8221;1&#8243; fullwidth=&#8221;on&#8221; _builder_version=&#8221;4.20.0&#8243; _module_preset=&#8221;default&#8221; min_height=&#8221;40%&#8221; global_colors_info=&#8221;{}&#8221;][et_pb_fullwidth_header title=&#8221;Al mal temps, bona cara&#8221; text_orientation=&#8221;center&#8221; _builder_version=&#8221;4.21.2&#8243; _module_preset=&#8221;default&#8221; title_font_size=&#8221;3em&#8221; background_color=&#8221;#FFFFFF&#8221; background_image=&#8221;https:\/\/solmania.cat\/wp-content\/uploads\/2022\/08\/fondo_solmania-4.jpg&#8221; background_position=&#8221;center_left&#8221; min_height=&#8221;500px&#8221; min_height_tablet=&#8221;500px&#8221; min_height_phone=&#8221;500px&#8221; min_height_last_edited=&#8221;on|phone&#8221; height=&#8221;500px&#8221; height_tablet=&#8221;500px&#8221; height_phone=&#8221;500px&#8221; height_last_edited=&#8221;on|phone&#8221; max_height=&#8221;500px&#8221; max_height_tablet=&#8221;500px&#8221; max_height_phone=&#8221;500px&#8221; max_height_last_edited=&#8221;on|phone&#8221; custom_margin=&#8221;0px||||false|false&#8221; custom_padding=&#8221;216px||||false|false&#8221; custom_padding_tablet=&#8221;160px||||false|false&#8221; custom_padding_phone=&#8221;146px||||false|false&#8221; custom_padding_last_edited=&#8221;on|desktop&#8221; title_font_size_tablet=&#8221;4em&#8221; title_font_size_phone=&#8221;2.6em&#8221; title_font_size_last_edited=&#8221;on|phone&#8221; custom_css_title=&#8221;display: inline-block!important;||background: rgba(21,20,20,0.80);||padding: 0.1em 0.2em;||border-radius: 8px;&#8221; global_colors_info=&#8221;{}&#8221;][\/et_pb_fullwidth_header][\/et_pb_section][et_pb_section fb_built=&#8221;1&#8243; _builder_version=&#8221;4.19.5&#8243; _module_preset=&#8221;default&#8221; custom_padding=&#8221;||24px|||&#8221; global_colors_info=&#8221;{}&#8221;][et_pb_row _builder_version=&#8221;4.19.5&#8243; _module_preset=&#8221;default&#8221; global_colors_info=&#8221;{}&#8221;][et_pb_column type=&#8221;4_4&#8243; _builder_version=&#8221;4.19.5&#8243; _module_preset=&#8221;default&#8221; global_colors_info=&#8221;{}&#8221;][et_pb_text _builder_version=&#8221;4.21.2&#8243; _module_preset=&#8221;default&#8221; text_font_size=&#8221;1.2em&#8221; text_line_height=&#8221;1.8em&#8221; link_font=&#8221;|700|||on||||&#8221; link_text_color=&#8221;#670202&#8243; header_font_size=&#8221;2.4em&#8221; header_2_font_size=&#8221;1.8em&#8221; hover_enabled=&#8221;0&#8243; global_colors_info=&#8221;{}&#8221; sticky_enabled=&#8221;0&#8243;]<\/p>\n<h2>Gaudeix del sol sense risc a Terrassa, Sabadell i Sant Cugat<\/h2>\n<p><strong><\/strong><\/p>\n<p><strong>Serveis a la teva disposici\u00f3 en els nostres centres<\/strong><\/p>\n<p>Bronzejat raigs UVA<\/p>\n<p>Bronzejat raigs UVA amb col\u00b7lagen<\/p>\n<p>Productes cosm\u00e8tics<\/p>\n<p>Assessorament del nostre personal especialitzat<\/p>\n<p>Localitza el teu centre de bronzejat Solmania Vall\u00e8s<\/p>\n<section class=\"av_textblock_section av-l6j55zw1-dfa8f8384e82e52b4b4912a7fe727364\" itemscope=\"itemscope\" itemtype=\"https:\/\/schema.org\/CreativeWork\">\n<div class=\"avia_textblock\" itemprop=\"text\">\n<p>&nbsp;<\/p>\n<div class=\"av-special-heading av-l6uvd0bb-d1852e59fcf5667215b2239796a11817 av-special-heading-h3 blockquote modern-quote  avia-builder-el-12  el_before_av_textblock  avia-builder-el-first \"><\/div>\n<section class=\"av_textblock_section av-l6uveq7o-75c7e840c7d8c676a25b113814dc7b71\" itemscope=\"itemscope\" itemtype=\"https:\/\/schema.org\/CreativeWork\">\n<div class=\"avia_textblock\" itemprop=\"text\">\n<div class=\"av-special-heading av-l6uvd0bb-d1852e59fcf5667215b2239796a11817 av-special-heading-h3 blockquote modern-quote  avia-builder-el-12  el_before_av_textblock  avia-builder-el-first \">\n<h3 class=\"av-special-heading-tag\" itemprop=\"headline\">BeautySpa, la nueva manera de broncearse en el Vall\u00e9s<\/h3>\n<\/div>\n<section class=\"av_textblock_section av-l6uveq7o-75c7e840c7d8c676a25b113814dc7b71\" itemscope=\"itemscope\" itemtype=\"https:\/\/schema.org\/CreativeWork\">\n<div class=\"avia_textblock\" itemprop=\"text\">\n<p>M\u00e9s de 10 anys de bronzejat UV amb col\u00b7lagen a Solmania.<\/p>\n<p>L\u2019any 2009, Solman\u00eda va comen\u00e7ar a oferir sessions de bronzejat amb la combinaci\u00f3 de raigs UVA, raigs UVB i llum vermella (llum de col\u00b7lagen). Des de llavors aquest servei no ha parat de cr\u00e9ixer en la nostra cadena. Actualment en alguns centres Solman\u00eda entre el 90% i el 100% de les sessions de bronzejat ja s\u00f3n sessions<span>\u00a0<\/span><strong>BeautySpa<\/strong>.<\/p>\n<p><a href=\"https:\/\/solmania.cat\/ca\/tecnologia-de-bronzejat\">Amb la combinaci\u00f3 dels raigs UVA, raigs UVB i la llum vermella<\/a><span>\u00a0<\/span>optimitzem el proc\u00e9s natural de bronzejat i al mateix temps cuidem la nostra pell.<\/p>\n<p>Els Raigs UVA \u00e9s el principal responsable del bronzejat directe de la pell, la \u201ccoloraci\u00f3\u201d de la melanina present en la capa m\u00e9s exterior de la nostra pell, l\u2019epidermis.<\/p>\n<p>Els Raigs UVB activen els melan\u00f2cits, les c\u00e8l\u00b7lules responsables de la producci\u00f3 de melanina en la pell, a produir m\u00e9s melanina. Aquesta melanina despr\u00e9s puja a la capa m\u00e9s externa de la pell, on ho acoloreix la llum UVA. Aquest proc\u00e9s el diem el bronzejat indirecte o retardat.<\/p>\n<p>La llum vermella acompanya tot aquest proc\u00e9s, afegint els seus propis beneficis a la pell. Aquesta llum entra profundament en la pell (fins a 10mm) on t\u00e9 un efecte revitalitzant 100% natural. La llum vermella estimula la producci\u00f3 natural en la pell de les prote\u00efnes col\u00b7lagen i elastina. Un augment de la producci\u00f3 d\u2019aquestes prote\u00efnes millora la textura de la pell. Al llarg de les sessions tindr\u00e0s una pell m\u00e9s suau, m\u00e9s llisa, m\u00e9s ferma i d\u2019aspecte m\u00e9s jove. Al mateix temps la llum vermella ajuda a crear un color m\u00e9s uniforme de la pell, estimula la reparaci\u00f3 de les c\u00e8l\u00b7lules i millora el proc\u00e9s de recuperaci\u00f3 de lesions en la pell. Els resultats finals no s\u00f3n iguals per a totes les persones i depenen sobretot de l\u2019edat, l\u2019estil de vida i les caracter\u00edstiques individuals.<\/p>\n<p>Bronzejat BeautySpa: El resultat d\u2019un tractament de bronzejat de sessions BeautySpa \u00e9s un bronzejat saludable, natural, llumin\u00f3s i durador i una pell m\u00e9s hidratada i cuidada.<\/p>\n<\/div>\n<\/section>\n<\/div>\n<\/section>\n<\/div>\n<\/section>\n<p>[\/et_pb_text][et_pb_divider color=&#8221;#878787&#8243; _builder_version=&#8221;4.20.4&#8243; _module_preset=&#8221;default&#8221; max_width=&#8221;200px&#8221; module_alignment=&#8221;center&#8221; global_colors_info=&#8221;{}&#8221;][\/et_pb_divider][\/et_pb_column][\/et_pb_row][et_pb_row _builder_version=&#8221;4.21.0&#8243; _module_preset=&#8221;default&#8221; global_colors_info=&#8221;{}&#8221;][et_pb_column type=&#8221;4_4&#8243; _builder_version=&#8221;4.21.0&#8243; _module_preset=&#8221;default&#8221; global_colors_info=&#8221;{}&#8221;][et_pb_image src=&#8221;https:\/\/solmania.cat\/wp-content\/uploads\/2022\/08\/fondo_solmania.jpg&#8221; alt=&#8221;Imagen de gente tomando el sol en la playa&#8221; title_text=&#8221;Solmania&#8221; align=&#8221;center&#8221; _builder_version=&#8221;4.21.2&#8243; _module_preset=&#8221;default&#8221; global_colors_info=&#8221;{}&#8221;][\/et_pb_image][\/et_pb_column][\/et_pb_row][\/et_pb_section][et_pb_section fb_built=&#8221;1&#8243; _builder_version=&#8221;4.21.2&#8243; _module_preset=&#8221;default&#8221; custom_padding=&#8221;9px||12px|||&#8221; saved_tabs=&#8221;all&#8221; global_colors_info=&#8221;{}&#8221;][et_pb_row _builder_version=&#8221;4.21.2&#8243; _module_preset=&#8221;default&#8221; global_colors_info=&#8221;{}&#8221;][et_pb_column type=&#8221;4_4&#8243; _builder_version=&#8221;4.21.2&#8243; _module_preset=&#8221;default&#8221; global_colors_info=&#8221;{}&#8221;][et_pb_text _builder_version=&#8221;4.21.2&#8243; _module_preset=&#8221;default&#8221; global_colors_info=&#8221;{}&#8221;]<\/p>\n<section class=\"av_textblock_section av-lksixyaj-592acf55c3b64bc12a13036d16c58a6e\" itemscope=\"itemscope\" itemtype=\"https:\/\/schema.org\/CreativeWork\">\n<div class=\"avia_textblock\" itemprop=\"text\">\n<h3 style=\"text-align: center;\"><strong>Financiado por la Uni\u00f3n Europea \u2013 NextGenerationEU<\/strong><\/h3>\n<\/div>\n<\/section>\n<div class=\"flex_column av-5kec-22a7d1c2d39bf91c4830ce17ce198419 av_one_half  avia-builder-el-20  el_after_av_textblock  el_before_av_one_half  first flex_column_div column-top-margin\">\n<div class=\"avia-image-container av-l6oqyc9k-943ad4664d5589ea4b2dd61c9b65d55e av-styling- avia-align-center  avia-builder-el-21  avia-builder-el-no-sibling \" itemprop=\"image\" itemscope=\"itemscope\" itemtype=\"https:\/\/schema.org\/ImageObject\">\n<div class=\"avia-image-container-inner\"><\/div>\n<\/div>\n<\/div>\n<p>[\/et_pb_text][\/et_pb_column][\/et_pb_row][et_pb_row column_structure=&#8221;1_2,1_2&#8243; _builder_version=&#8221;4.21.2&#8243; _module_preset=&#8221;default&#8221; global_colors_info=&#8221;{}&#8221;][et_pb_column type=&#8221;1_2&#8243; _builder_version=&#8221;4.21.2&#8243; _module_preset=&#8221;default&#8221; global_colors_info=&#8221;{}&#8221;][et_pb_image src=&#8221;https:\/\/solmania.cat\/wp-content\/uploads\/2022\/08\/financiado-ue.jpg&#8221; alt=&#8221;Logotipo de la Uni\u00f3n Europea&#8221; title_text=&#8221;Financiado por la UE&#8221; align=&#8221;center&#8221; _builder_version=&#8221;4.21.2&#8243; _module_preset=&#8221;default&#8221; global_colors_info=&#8221;{}&#8221;][\/et_pb_image][\/et_pb_column][et_pb_column type=&#8221;1_2&#8243; _builder_version=&#8221;4.21.2&#8243; _module_preset=&#8221;default&#8221; global_colors_info=&#8221;{}&#8221;][et_pb_image src=&#8221;https:\/\/solmania.cat\/wp-content\/uploads\/2022\/08\/planrecuperacion.jpg&#8221; alt=&#8221;Logotipo del Plan de Recuperaci\u00f3n, Transformaci\u00f3n y Resiliencia&#8221; title_text=&#8221;Plan de recuperaci\u00f3n&#8221; _builder_version=&#8221;4.21.2&#8243; _module_preset=&#8221;default&#8221; global_colors_info=&#8221;{}&#8221;][\/et_pb_image][\/et_pb_column][\/et_pb_row][\/et_pb_section]<\/p>\n","protected":false},"excerpt":{"rendered":"<p>Gaudeix del sol sense risc a Terrassa, Sabadell i Sant Cugat Serveis a la teva disposici\u00f3 en els nostres centres Bronzejat raigs UVA Bronzejat raigs UVA amb col\u00b7lagen Productes cosm\u00e8tics Assessorament del nostre personal especialitzat Localitza el teu centre de bronzejat Solmania Vall\u00e8s &nbsp; BeautySpa, la nueva manera de broncearse en el Vall\u00e9s M\u00e9s de [&hellip;]<\/p>\n","protected":false},"author":1,"featured_media":0,"parent":0,"menu_order":0,"comment_status":"closed","ping_status":"closed","template":"","meta":{"_et_pb_use_builder":"on","_et_pb_old_content":"","_et_gb_content_width":""},"yoast_head":"<!-- This site is optimized with the Yoast SEO plugin v20.1 - https:\/\/yoast.com\/wordpress\/plugins\/seo\/ -->\n<title>Solmania Vall\u00e8s<\/title>\n<meta name=\"description\" content=\"Centres de bronzejat Solmania exclusius al Vall\u00e8s. Troba el teu centre m\u00e9s proper i posa-li bona cara al mal temps.\" \/>\n<meta name=\"robots\" content=\"index, follow, max-snippet:-1, max-image-preview:large, max-video-preview:-1\" \/>\n<link rel=\"canonical\" href=\"https:\/\/solmania.cat\/ca\/\" \/>\n<meta property=\"og:locale\" content=\"ca_ES\" \/>\n<meta property=\"og:type\" content=\"article\" \/>\n<meta property=\"og:title\" content=\"Solmania Vall\u00e8s\" \/>\n<meta property=\"og:description\" content=\"Centres de bronzejat Solmania exclusius al Vall\u00e8s. Troba el teu centre m\u00e9s proper i posa-li bona cara al mal temps.\" \/>\n<meta property=\"og:url\" content=\"https:\/\/solmania.cat\/ca\/\" \/>\n<meta property=\"og:site_name\" content=\"Solmania\" \/>\n<meta property=\"article:modified_time\" content=\"2024-11-29T08:32:03+00:00\" \/>\n<meta name=\"twitter:card\" content=\"summary_large_image\" \/>\n<meta name=\"twitter:label1\" content=\"Temps estimat de lectura\" \/>\n\t<meta name=\"twitter:data1\" content=\"3 minuts\" \/>\n<script type=\"application\/ld+json\" class=\"yoast-schema-graph\">{\"@context\":\"https:\/\/schema.org\",\"@graph\":[{\"@type\":\"WebPage\",\"@id\":\"https:\/\/solmania.cat\/ca\/\",\"url\":\"https:\/\/solmania.cat\/ca\/\",\"name\":\"Solmania Vall\u00e8s\",\"isPartOf\":{\"@id\":\"https:\/\/solmania.cat\/ca\/#website\"},\"datePublished\":\"2022-08-07T07:37:44+00:00\",\"dateModified\":\"2024-11-29T08:32:03+00:00\",\"description\":\"Centres de bronzejat Solmania exclusius al Vall\u00e8s. Troba el teu centre m\u00e9s proper i posa-li bona cara al mal temps.\",\"breadcrumb\":{\"@id\":\"https:\/\/solmania.cat\/ca\/#breadcrumb\"},\"inLanguage\":\"ca\",\"potentialAction\":[{\"@type\":\"ReadAction\",\"target\":[\"https:\/\/solmania.cat\/ca\/\"]}]},{\"@type\":\"BreadcrumbList\",\"@id\":\"https:\/\/solmania.cat\/ca\/#breadcrumb\",\"itemListElement\":[{\"@type\":\"ListItem\",\"position\":1,\"name\":\"Portada\",\"item\":\"https:\/\/solmania.cat\/ca\/\"},{\"@type\":\"ListItem\",\"position\":2,\"name\":\"Al mal temps, bona cara\"}]},{\"@type\":\"WebSite\",\"@id\":\"https:\/\/solmania.cat\/ca\/#website\",\"url\":\"https:\/\/solmania.cat\/ca\/\",\"name\":\"Solmania\",\"description\":\"Centros de bronceado en el Vall\u00e9s\",\"publisher\":{\"@id\":\"https:\/\/solmania.cat\/ca\/#organization\"},\"potentialAction\":[{\"@type\":\"SearchAction\",\"target\":{\"@type\":\"EntryPoint\",\"urlTemplate\":\"https:\/\/solmania.cat\/ca\/?s={search_term_string}\"},\"query-input\":\"required name=search_term_string\"}],\"inLanguage\":\"ca\"},{\"@type\":\"Organization\",\"@id\":\"https:\/\/solmania.cat\/ca\/#organization\",\"name\":\"Solmania\",\"url\":\"https:\/\/solmania.cat\/ca\/\",\"logo\":{\"@type\":\"ImageObject\",\"inLanguage\":\"ca\",\"@id\":\"https:\/\/solmania.cat\/ca\/#\/schema\/logo\/image\/\",\"url\":\"https:\/\/solmania.cat\/wp-content\/uploads\/2022\/08\/logo_solmania_tr-1.png\",\"contentUrl\":\"https:\/\/solmania.cat\/wp-content\/uploads\/2022\/08\/logo_solmania_tr-1.png\",\"width\":266,\"height\":27,\"caption\":\"Solmania\"},\"image\":{\"@id\":\"https:\/\/solmania.cat\/ca\/#\/schema\/logo\/image\/\"}}]}<\/script>\n<!-- \/ Yoast SEO plugin. -->","yoast_head_json":{"title":"Solmania Vall\u00e8s","description":"Centres de bronzejat Solmania exclusius al Vall\u00e8s. Troba el teu centre m\u00e9s proper i posa-li bona cara al mal temps.","robots":{"index":"index","follow":"follow","max-snippet":"max-snippet:-1","max-image-preview":"max-image-preview:large","max-video-preview":"max-video-preview:-1"},"canonical":"https:\/\/solmania.cat\/ca\/","og_locale":"ca_ES","og_type":"article","og_title":"Solmania Vall\u00e8s","og_description":"Centres de bronzejat Solmania exclusius al Vall\u00e8s. Troba el teu centre m\u00e9s proper i posa-li bona cara al mal temps.","og_url":"https:\/\/solmania.cat\/ca\/","og_site_name":"Solmania","article_modified_time":"2024-11-29T08:32:03+00:00","twitter_card":"summary_large_image","twitter_misc":{"Temps estimat de lectura":"3 minuts"},"schema":{"@context":"https:\/\/schema.org","@graph":[{"@type":"WebPage","@id":"https:\/\/solmania.cat\/ca\/","url":"https:\/\/solmania.cat\/ca\/","name":"Solmania Vall\u00e8s","isPartOf":{"@id":"https:\/\/solmania.cat\/ca\/#website"},"datePublished":"2022-08-07T07:37:44+00:00","dateModified":"2024-11-29T08:32:03+00:00","description":"Centres de bronzejat Solmania exclusius al Vall\u00e8s. Troba el teu centre m\u00e9s proper i posa-li bona cara al mal temps.","breadcrumb":{"@id":"https:\/\/solmania.cat\/ca\/#breadcrumb"},"inLanguage":"ca","potentialAction":[{"@type":"ReadAction","target":["https:\/\/solmania.cat\/ca\/"]}]},{"@type":"BreadcrumbList","@id":"https:\/\/solmania.cat\/ca\/#breadcrumb","itemListElement":[{"@type":"ListItem","position":1,"name":"Portada","item":"https:\/\/solmania.cat\/ca\/"},{"@type":"ListItem","position":2,"name":"Al mal temps, bona cara"}]},{"@type":"WebSite","@id":"https:\/\/solmania.cat\/ca\/#website","url":"https:\/\/solmania.cat\/ca\/","name":"Solmania","description":"Centros de bronceado en el Vall\u00e9s","publisher":{"@id":"https:\/\/solmania.cat\/ca\/#organization"},"potentialAction":[{"@type":"SearchAction","target":{"@type":"EntryPoint","urlTemplate":"https:\/\/solmania.cat\/ca\/?s={search_term_string}"},"query-input":"required name=search_term_string"}],"inLanguage":"ca"},{"@type":"Organization","@id":"https:\/\/solmania.cat\/ca\/#organization","name":"Solmania","url":"https:\/\/solmania.cat\/ca\/","logo":{"@type":"ImageObject","inLanguage":"ca","@id":"https:\/\/solmania.cat\/ca\/#\/schema\/logo\/image\/","url":"https:\/\/solmania.cat\/wp-content\/uploads\/2022\/08\/logo_solmania_tr-1.png","contentUrl":"https:\/\/solmania.cat\/wp-content\/uploads\/2022\/08\/logo_solmania_tr-1.png","width":266,"height":27,"caption":"Solmania"},"image":{"@id":"https:\/\/solmania.cat\/ca\/#\/schema\/logo\/image\/"}}]}},"_links":{"self":[{"href":"https:\/\/solmania.cat\/ca\/wp-json\/wp\/v2\/pages\/253"}],"collection":[{"href":"https:\/\/solmania.cat\/ca\/wp-json\/wp\/v2\/pages"}],"about":[{"href":"https:\/\/solmania.cat\/ca\/wp-json\/wp\/v2\/types\/page"}],"author":[{"embeddable":true,"href":"https:\/\/solmania.cat\/ca\/wp-json\/wp\/v2\/users\/1"}],"replies":[{"embeddable":true,"href":"https:\/\/solmania.cat\/ca\/wp-json\/wp\/v2\/comments?post=253"}],"version-history":[{"count":41,"href":"https:\/\/solmania.cat\/ca\/wp-json\/wp\/v2\/pages\/253\/revisions"}],"predecessor-version":[{"id":516,"href":"https:\/\/solmania.cat\/ca\/wp-json\/wp\/v2\/pages\/253\/revisions\/516"}],"wp:attachment":[{"href":"https:\/\/solmania.cat\/ca\/wp-json\/wp\/v2\/media?parent=253"}],"curies":[{"name":"wp","href":"https:\/\/api.w.org\/{rel}","templated":true}]}}